{"id":1891,"date":"2020-10-27T15:04:04","date_gmt":"2020-10-27T14:04:04","guid":{"rendered":"https:\/\/ldb.spankracht-acceptatie.nl\/cases\/casus-cleanlease-eindhoven\/"},"modified":"2022-10-07T13:14:25","modified_gmt":"2022-10-07T12:14:25","slug":"cas-cleanlease-eindhoven","status":"publish","type":"page","link":"https:\/\/www.laundrydashboard.com\/fr\/cas\/cas-cleanlease-eindhoven\/","title":{"rendered":"Cas CleanLease Eindhoven"},"content":{"rendered":"","protected":false},"excerpt":{"rendered":"","protected":false},"author":3,"featured_media":0,"parent":1178,"menu_order":2,"comment_status":"closed","ping_status":"closed","template":"","meta":{"_acf_changed":false,"footnotes":""},"class_list":["post-1891","page","type-page","status-publish","hentry"],"acf":{"flexible_content":[{"acf_fc_layout":"videoblock","pre_title":"Casus CleanLease Eindhoven","title":"Un rendement financier plus \u00e9lev\u00e9, une plus grande satisfaction du client.","intro":"","platform":"vimeo","vimeo":"472920263","youtube":"","heading_type":"h2","heading":"h1","layout_text_align":"centered","text_color":"","padding":{"top":"m","bottom":"m"},"layout_bg_show_image":false,"background_color":"","layout_bg_overlay":"","layout_bg_image_desktop":null,"layout_bg_position_desktop":"center","layout_bg_image_mobile":null,"layout_bg_position_mobile":"center","layout_custom_css":null,"pre-title-transition":{"has_transition":false,"transition_type":"none","transition_offset":0,"transition_delay":0},"title-transition":{"has_transition":false,"transition_type":"none","transition_offset":"","transition_delay":0},"intro-transition":{"has_transition":false,"transition_type":"none","transition_offset":"","transition_delay":0},"text-transition":{"has_transition":false,"transition_type":"none","transition_offset":"","transition_delay":0}},{"acf_fc_layout":"wysiwyg","pre_title":"","title":"","intro":"","content":"<strong>Le d\u00e9fi<\/strong>\r\n\r\nEn tant que prestataire de services national disposant de plusieurs succursales, CleanLease est toujours proche de ses clients. Pour l'agence d'Eindhoven, cela concerne principalement les h\u00f4pitaux, les \u00e9tablissements de soins et les parcs de vacances. Des clients qui sont bons pour un flux de linge vari\u00e9 : environ 400 tonnes par semaine. Depuis quelque temps d\u00e9j\u00e0, CleanLease s'int\u00e9resse \u00e0 l'efficacit\u00e9 de la production. Un syst\u00e8me avait \u00e9t\u00e9 install\u00e9 pour mesurer le processus, mais ce syst\u00e8me ne pouvait plus \u00eatre maintenu par le fournisseur \u00e0 ce moment-l\u00e0.\r\n<ul>\r\n \t<li>La question \u00e9tait : comment pouvons-nous am\u00e9liorer la performance de la blanchisserie ? Comment pouvons-nous \u00e9liminer les d\u00e9chets et maximiser l'utilisation des capacit\u00e9s ? Pouvons-nous utiliser le syst\u00e8me d\u00e9j\u00e0 install\u00e9 ?<\/li>\r\n \t<li>C'est pourquoi notre outil \"Tableau de bord de la blanchisserie\" est arriv\u00e9 au bon moment. Dans cette branche - et dans trois autres - nous avons mis en place un tableau de bord de la blanchisserie.<\/li>\r\n<\/ul>\r\n<strong>\r\nLa solution<\/strong>\r\n\r\nNous avons mis en place le Laundry Dashboard chez CleanLease \u00e0 Eindhoven. La version choisie par CleanLease est le Laundry Dashboard Pro. Avec cette version, vous avez un aper\u00e7u de la productivit\u00e9 des machines, de la consommation et des employ\u00e9s.\r\n<ul>\r\n \t<li>Nous avons install\u00e9 notre logiciel Laundry Dashboard, en utilisant autant que possible l'infrastructure existante. Nous avons install\u00e9 de nouveaux \u00e9crans sur lesquels la performance \u00e9tait visualis\u00e9e.<\/li>\r\n \t<li>D\u00e8s le premier jour, la direction, le directeur du site et les responsables de la production ont eu un aper\u00e7u en temps r\u00e9el.<\/li>\r\n \t<li>Gr\u00e2ce \u00e0 la structure et \u00e0 la construction flexibles du tableau de bord de la blanchisserie, le client n'est plus tr\u00e8s d\u00e9pendant d'un fournisseur et il lui est possible de construire ses propres \"cockpits\". Ainsi, il a toujours et partout un aper\u00e7u des choses qu'il trouve importantes.<\/li>\r\n \t<li>En collaboration avec CleanLease, nous avons analys\u00e9 les informations du tableau de bord de la blanchisserie \u00e0 plusieurs reprises au cours de la premi\u00e8re ann\u00e9e et avons cherch\u00e9 des possibilit\u00e9s d'optimisation.<\/li>\r\n<\/ul>\r\n<strong>\u00a0<\/strong>\r\n\r\n<strong>Le r\u00e9sultat<\/strong>\r\n\r\nUn an plus tard, l'investissement dans Laundry Dashboard \u00e9tait d\u00e9j\u00e0 amorti.\r\n\r\nAvec l'aide de Laundry Dashboard, la direction et les \u00e9quipes de CleanLease avaient r\u00e9ussi \u00e0 am\u00e9liorer sensiblement les r\u00e9sultats financiers et \u00e0 accro\u00eetre la satisfaction des clients. Le mot-cl\u00e9 en la mati\u00e8re est la perspicacit\u00e9. Les informations objectives du tableau de bord de la blanchisserie permettent \u00e0 chacun de prendre conscience des performances et des possibilit\u00e9s d'am\u00e9lioration.","buttons":null,"heading_type":"h2","heading":"h1","layout_text_align":"centered","layout_textbox_size":8,"text_color":"","padding":{"top":"0","bottom":"m"},"layout_bg_show_image":false,"background_color":"","layout_bg_overlay":"","layout_bg_image_desktop":null,"layout_bg_position_desktop":"center","layout_bg_image_mobile":null,"layout_bg_position_mobile":"center","pre-title-transition":{"has_transition":false,"transition_type":"none","transition_offset":0,"transition_delay":0},"title-transition":{"has_transition":false,"transition_type":"none","transition_offset":"","transition_delay":0},"intro-transition":{"has_transition":false,"transition_type":"none","transition_offset":"","transition_delay":0},"text-transition":{"has_transition":false,"transition_type":"none","transition_offset":"","transition_delay":0},"layout_custom_css":null},{"acf_fc_layout":"ctabanner","title":"\"Les employ\u00e9s aiment pouvoir suivre leurs performances pendant la journ\u00e9e de travail.\"","intro":"William Harte, Unit Manager CleanLease","link":"","heading_type":"h2","heading":"h2","layout_background_image":"","background_color":"","text_color":"","padding":{"top":"m","bottom":"m"},"title-transition":{"has_transition":false,"transition_type":"none","transition_offset":"","transition_delay":0},"intro-transition":{"has_transition":false,"transition_type":"none","transition_offset":"","transition_delay":0},"buttons-transition":{"has_transition":false,"transition_type":"none","transition_offset":"","transition_delay":0},"layout_custom_css":null}]},"yoast_head":"<!-- This site is optimized with the Yoast SEO plugin v27.0 - https:\/\/yoast.com\/product\/yoast-seo-wordpress\/ -->\n<title>Cas CleanLease Eindhoven - Laundry Dashboard<\/title>\n<meta name=\"description\" content=\"La direction et les \u00e9quipes de CleanLease ont r\u00e9ussi \u00e0 utiliser Laundry Dashboard pour am\u00e9liorer de mani\u00e8re significative les r\u00e9sultats financiers et la satisfaction des clients.\" \/>\n<meta name=\"robots\" content=\"index, follow, max-snippet:-1, max-image-preview:large, max-video-preview:-1\" \/>\n<link rel=\"canonical\" href=\"https:\/\/www.laundrydashboard.com\/fr\/cas\/cas-cleanlease-eindhoven\/\" \/>\n<meta property=\"og:locale\" content=\"fr_FR\" \/>\n<meta property=\"og:type\" content=\"article\" \/>\n<meta property=\"og:title\" content=\"Cas CleanLease Eindhoven - Laundry Dashboard\" \/>\n<meta property=\"og:description\" content=\"La direction et les \u00e9quipes de CleanLease ont r\u00e9ussi \u00e0 utiliser Laundry Dashboard pour am\u00e9liorer de mani\u00e8re significative les r\u00e9sultats financiers et la satisfaction des clients.\" \/>\n<meta property=\"og:url\" content=\"https:\/\/www.laundrydashboard.com\/fr\/cas\/cas-cleanlease-eindhoven\/\" \/>\n<meta property=\"og:site_name\" content=\"Laundry Dashboard\" \/>\n<meta property=\"article:modified_time\" content=\"2022-10-07T12:14:25+00:00\" \/>\n<meta name=\"twitter:card\" content=\"summary_large_image\" \/>\n<script type=\"application\/ld+json\" class=\"yoast-schema-graph\">{\"@context\":\"https:\/\/schema.org\",\"@graph\":[{\"@type\":\"WebPage\",\"@id\":\"https:\/\/www.laundrydashboard.com\/fr\/cas\/cas-cleanlease-eindhoven\/\",\"url\":\"https:\/\/www.laundrydashboard.com\/fr\/cas\/cas-cleanlease-eindhoven\/\",\"name\":\"Cas CleanLease Eindhoven - Laundry Dashboard\",\"isPartOf\":{\"@id\":\"https:\/\/laundrydashboard.com\/nl\/#website\"},\"datePublished\":\"2020-10-27T14:04:04+00:00\",\"dateModified\":\"2022-10-07T12:14:25+00:00\",\"description\":\"La direction et les \u00e9quipes de CleanLease ont r\u00e9ussi \u00e0 utiliser Laundry Dashboard pour am\u00e9liorer de mani\u00e8re significative les r\u00e9sultats financiers et la satisfaction des clients.\",\"breadcrumb\":{\"@id\":\"https:\/\/www.laundrydashboard.com\/fr\/cas\/cas-cleanlease-eindhoven\/#breadcrumb\"},\"inLanguage\":\"fr-FR\",\"potentialAction\":[{\"@type\":\"ReadAction\",\"target\":[\"https:\/\/www.laundrydashboard.com\/fr\/cas\/cas-cleanlease-eindhoven\/\"]}]},{\"@type\":\"BreadcrumbList\",\"@id\":\"https:\/\/www.laundrydashboard.com\/fr\/cas\/cas-cleanlease-eindhoven\/#breadcrumb\",\"itemListElement\":[{\"@type\":\"ListItem\",\"position\":1,\"name\":\"Home\",\"item\":\"https:\/\/www.laundrydashboard.com\/fr\/\"},{\"@type\":\"ListItem\",\"position\":2,\"name\":\"Cas\",\"item\":\"https:\/\/www.laundrydashboard.com\/fr\/cas\/\"},{\"@type\":\"ListItem\",\"position\":3,\"name\":\"Cas CleanLease Eindhoven\"}]},{\"@type\":\"WebSite\",\"@id\":\"https:\/\/laundrydashboard.com\/nl\/#website\",\"url\":\"https:\/\/laundrydashboard.com\/nl\/\",\"name\":\"Laundry Dashboard\",\"description\":\"\",\"potentialAction\":[{\"@type\":\"SearchAction\",\"target\":{\"@type\":\"EntryPoint\",\"urlTemplate\":\"https:\/\/laundrydashboard.com\/nl\/?s={search_term_string}\"},\"query-input\":{\"@type\":\"PropertyValueSpecification\",\"valueRequired\":true,\"valueName\":\"search_term_string\"}}],\"inLanguage\":\"fr-FR\"}]}<\/script>\n<!-- \/ Yoast SEO plugin. -->","yoast_head_json":{"title":"Cas CleanLease Eindhoven - Laundry Dashboard","description":"La direction et les \u00e9quipes de CleanLease ont r\u00e9ussi \u00e0 utiliser Laundry Dashboard pour am\u00e9liorer de mani\u00e8re significative les r\u00e9sultats financiers et la satisfaction des clients.","robots":{"index":"index","follow":"follow","max-snippet":"max-snippet:-1","max-image-preview":"max-image-preview:large","max-video-preview":"max-video-preview:-1"},"canonical":"https:\/\/www.laundrydashboard.com\/fr\/cas\/cas-cleanlease-eindhoven\/","og_locale":"fr_FR","og_type":"article","og_title":"Cas CleanLease Eindhoven - Laundry Dashboard","og_description":"La direction et les \u00e9quipes de CleanLease ont r\u00e9ussi \u00e0 utiliser Laundry Dashboard pour am\u00e9liorer de mani\u00e8re significative les r\u00e9sultats financiers et la satisfaction des clients.","og_url":"https:\/\/www.laundrydashboard.com\/fr\/cas\/cas-cleanlease-eindhoven\/","og_site_name":"Laundry Dashboard","article_modified_time":"2022-10-07T12:14:25+00:00","twitter_card":"summary_large_image","schema":{"@context":"https:\/\/schema.org","@graph":[{"@type":"WebPage","@id":"https:\/\/www.laundrydashboard.com\/fr\/cas\/cas-cleanlease-eindhoven\/","url":"https:\/\/www.laundrydashboard.com\/fr\/cas\/cas-cleanlease-eindhoven\/","name":"Cas CleanLease Eindhoven - Laundry Dashboard","isPartOf":{"@id":"https:\/\/laundrydashboard.com\/nl\/#website"},"datePublished":"2020-10-27T14:04:04+00:00","dateModified":"2022-10-07T12:14:25+00:00","description":"La direction et les \u00e9quipes de CleanLease ont r\u00e9ussi \u00e0 utiliser Laundry Dashboard pour am\u00e9liorer de mani\u00e8re significative les r\u00e9sultats financiers et la satisfaction des clients.","breadcrumb":{"@id":"https:\/\/www.laundrydashboard.com\/fr\/cas\/cas-cleanlease-eindhoven\/#breadcrumb"},"inLanguage":"fr-FR","potentialAction":[{"@type":"ReadAction","target":["https:\/\/www.laundrydashboard.com\/fr\/cas\/cas-cleanlease-eindhoven\/"]}]},{"@type":"BreadcrumbList","@id":"https:\/\/www.laundrydashboard.com\/fr\/cas\/cas-cleanlease-eindhoven\/#breadcrumb","itemListElement":[{"@type":"ListItem","position":1,"name":"Home","item":"https:\/\/www.laundrydashboard.com\/fr\/"},{"@type":"ListItem","position":2,"name":"Cas","item":"https:\/\/www.laundrydashboard.com\/fr\/cas\/"},{"@type":"ListItem","position":3,"name":"Cas CleanLease Eindhoven"}]},{"@type":"WebSite","@id":"https:\/\/laundrydashboard.com\/nl\/#website","url":"https:\/\/laundrydashboard.com\/nl\/","name":"Laundry Dashboard","description":"","potentialAction":[{"@type":"SearchAction","target":{"@type":"EntryPoint","urlTemplate":"https:\/\/laundrydashboard.com\/nl\/?s={search_term_string}"},"query-input":{"@type":"PropertyValueSpecification","valueRequired":true,"valueName":"search_term_string"}}],"inLanguage":"fr-FR"}]}},"_links":{"self":[{"href":"https:\/\/www.laundrydashboard.com\/fr\/wp-json\/wp\/v2\/pages\/1891","targetHints":{"allow":["GET"]}}],"collection":[{"href":"https:\/\/www.laundrydashboard.com\/fr\/wp-json\/wp\/v2\/pages"}],"about":[{"href":"https:\/\/www.laundrydashboard.com\/fr\/wp-json\/wp\/v2\/types\/page"}],"author":[{"embeddable":true,"href":"https:\/\/www.laundrydashboard.com\/fr\/wp-json\/wp\/v2\/users\/3"}],"replies":[{"embeddable":true,"href":"https:\/\/www.laundrydashboard.com\/fr\/wp-json\/wp\/v2\/comments?post=1891"}],"version-history":[{"count":9,"href":"https:\/\/www.laundrydashboard.com\/fr\/wp-json\/wp\/v2\/pages\/1891\/revisions"}],"predecessor-version":[{"id":2116,"href":"https:\/\/www.laundrydashboard.com\/fr\/wp-json\/wp\/v2\/pages\/1891\/revisions\/2116"}],"up":[{"embeddable":true,"href":"https:\/\/www.laundrydashboard.com\/fr\/wp-json\/wp\/v2\/pages\/1178"}],"wp:attachment":[{"href":"https:\/\/www.laundrydashboard.com\/fr\/wp-json\/wp\/v2\/media?parent=1891"}],"curies":[{"name":"wp","href":"https:\/\/api.w.org\/{rel}","templated":true}]}}