{"id":1184,"date":"2020-07-22T12:27:53","date_gmt":"2020-07-22T11:27:53","guid":{"rendered":"https:\/\/ldb.spankracht-acceptatie.nl\/cases\/casus-lips-2\/"},"modified":"2022-10-07T13:15:35","modified_gmt":"2022-10-07T12:15:35","slug":"cas-cleanlease-goes","status":"publish","type":"page","link":"https:\/\/www.laundrydashboard.com\/fr\/cas\/cas-cleanlease-goes\/","title":{"rendered":"Cas CleanLease Goes"},"content":{"rendered":"","protected":false},"excerpt":{"rendered":"","protected":false},"author":1,"featured_media":0,"parent":1178,"menu_order":3,"comment_status":"closed","ping_status":"closed","template":"","meta":{"_acf_changed":false,"footnotes":""},"class_list":["post-1184","page","type-page","status-publish","hentry"],"acf":{"flexible_content":[{"acf_fc_layout":"videoblock","pre_title":"Cas CleanLease Goes","title":"Gains de productivit\u00e9 de 4% promis, 15% r\u00e9alis\u00e9s.","intro":"","platform":"vimeo","vimeo":"438887686","youtube":"","heading_type":"h2","heading":"h1","layout_text_align":"centered","text_color":"","padding":{"top":"m","bottom":"m"},"layout_bg_show_image":false,"background_color":"","layout_bg_overlay":"","layout_bg_image_desktop":null,"layout_bg_position_desktop":"center","layout_bg_image_mobile":null,"layout_bg_position_mobile":"center","layout_custom_css":null,"pre-title-transition":{"has_transition":false,"transition_type":"none","transition_offset":0,"transition_delay":0},"title-transition":{"has_transition":false,"transition_type":"none","transition_offset":"","transition_delay":0},"intro-transition":{"has_transition":false,"transition_type":"none","transition_offset":"","transition_delay":0},"text-transition":{"has_transition":false,"transition_type":"none","transition_offset":"","transition_delay":0}},{"acf_fc_layout":"wysiwyg","pre_title":"","title":"","intro":"","content":"<strong>Le d\u00e9fi<\/strong>\r\n\r\nEn tant que prestataire de services national disposant de plusieurs succursales, Cleanlease est toujours proche de ses clients, notamment des h\u00f4pitaux, des \u00e9tablissements de soins de sant\u00e9 et des parcs de vacances. Des clients qui sont bons pour un flux de linge vari\u00e9 : environ 160 tonnes par semaine. Depuis quelque temps d\u00e9j\u00e0, Cleanlease est attentif \u00e0 l'efficacit\u00e9 de la production.\r\n<ul>\r\n \t<li>Des concepts tels que le Lean Six Sigma ont \u00e9t\u00e9 une source d'inspiration. La question \u00e9tait : comment pouvons-nous am\u00e9liorer la performance de la blanchisserie ? Comment pouvons-nous \u00e9liminer les d\u00e9chets et maximiser l'utilisation de la capacit\u00e9 ?<\/li>\r\n \t<li>Notre outil Laundry Dashboard est arriv\u00e9 au bon moment pour r\u00e9pondre \u00e0 cette question. Dans cette branche - et dans deux autres - nous avons mis en place le Laundry Dashboard.<\/li>\r\n<\/ul>\r\n<strong>La solution<\/strong>\r\n\r\nNous avons mis en place Laundry Dashboard chez Cleanlease in Goes. Il s'agit d'un syst\u00e8me intelligent pour surveiller la blanchisserie. La version choisie par Cleanlease donne principalement un aper\u00e7u de la productivit\u00e9 des employ\u00e9s.\r\n<ul>\r\n \t<li>Nous avons install\u00e9 des \"sous-bo\u00eetes\" qui extraient les donn\u00e9es de mesure du processus. La blanchisserie a \u00e9t\u00e9 \u00e9quip\u00e9e de PC tactiles : les employ\u00e9s peuvent se connecter \u00e0 l'aide d'\u00e9tiquettes RFID et enregistrer leur t\u00e2che en cours. \u00c0 diff\u00e9rents endroits de la blanchisserie, nous avons plac\u00e9 des \u00e9crans sur lesquels la productivit\u00e9 est visualis\u00e9e, visible pour les \u00e9quipes.<\/li>\r\n \t<li>D\u00e8s le premier jour, le directeur de la blanchisserie a eu un aper\u00e7u en temps r\u00e9el de la productivit\u00e9. Ce qui \u00e9tait auparavant largement bas\u00e9 sur le sentiment, \u00e9tait d\u00e9sormais visible dans les donn\u00e9es concr\u00e8tes.<\/li>\r\n \t<li>Avec Cleanlease, nous avons analys\u00e9 les informations du tableau de bord de la blanchisserie plusieurs fois au cours de la premi\u00e8re ann\u00e9e et avons cherch\u00e9 des possibilit\u00e9s d'optimisation.<\/li>\r\n<\/ul>\r\n<strong>Le r\u00e9sultat<\/strong>\r\n\r\nNous avons garanti \u00e0 Cleanlease un gain de productivit\u00e9 de 4 % \u00e0 l'avance. Apr\u00e8s la premi\u00e8re ann\u00e9e, le compteur n'\u00e9tait pas inf\u00e9rieur \u00e0 15 % ! Un an plus tard, l'investissement dans Laundry Dashboard \u00e9tait d\u00e9j\u00e0 plus que rentabilis\u00e9.\r\n\r\nLa direction et les \u00e9quipes de Cleanlease avaient r\u00e9ussi \u00e0 am\u00e9liorer consid\u00e9rablement les performances gr\u00e2ce \u00e0 Laundry Dashboard. Le mot-cl\u00e9 est ici la perspicacit\u00e9. Cleanlease dispose d\u00e9sormais d'un aper\u00e7u de l'utilisation de la capacit\u00e9 des machines, des performances des services et des performances de chaque employ\u00e9. Les informations objectives du Laundry Dashboard permettent \u00e0 chacun de prendre conscience des performances et des possibilit\u00e9s de les am\u00e9liorer.","buttons":null,"heading_type":"h2","heading":"h1","layout_text_align":"centered","layout_textbox_size":8,"text_color":"","padding":{"top":"0","bottom":"m"},"layout_bg_show_image":false,"background_color":"","layout_bg_overlay":"","layout_bg_image_desktop":null,"layout_bg_position_desktop":"center","layout_bg_image_mobile":null,"layout_bg_position_mobile":"center","pre-title-transition":{"has_transition":false,"transition_type":"none","transition_offset":0,"transition_delay":0},"title-transition":{"has_transition":false,"transition_type":"none","transition_offset":"","transition_delay":0},"intro-transition":{"has_transition":false,"transition_type":"none","transition_offset":"","transition_delay":0},"text-transition":{"has_transition":false,"transition_type":"none","transition_offset":"","transition_delay":0},"layout_custom_css":null},{"acf_fc_layout":"ctabanner","title":"\"Les employ\u00e9s aiment pouvoir suivre leurs performances au cours de la journ\u00e9e de travail\"","intro":"William Harte, Unit Manager CleanLease Goes","link":"","heading_type":"h2","heading":"h2","layout_background_image":"","background_color":"","text_color":"","padding":{"top":"m","bottom":"m"},"title-transition":{"has_transition":false,"transition_type":"none","transition_offset":"","transition_delay":0},"intro-transition":{"has_transition":false,"transition_type":"none","transition_offset":"","transition_delay":0},"buttons-transition":{"has_transition":false,"transition_type":"none","transition_offset":"","transition_delay":0},"layout_custom_css":null}]},"yoast_head":"<!-- This site is optimized with the Yoast SEO plugin v27.0 - https:\/\/yoast.com\/product\/yoast-seo-wordpress\/ -->\n<title>Cas CleanLease Goes - Laundry Dashboard<\/title>\n<meta name=\"description\" content=\"La direction et les \u00e9quipes de Cleanlease ont r\u00e9ussi \u00e0 am\u00e9liorer de mani\u00e8re significative les performances gr\u00e2ce \u00e0 Laundry Dashboard.\" \/>\n<meta name=\"robots\" content=\"index, follow, max-snippet:-1, max-image-preview:large, max-video-preview:-1\" \/>\n<link rel=\"canonical\" href=\"https:\/\/www.laundrydashboard.com\/fr\/cas\/cas-cleanlease-goes\/\" \/>\n<meta property=\"og:locale\" content=\"fr_FR\" \/>\n<meta property=\"og:type\" content=\"article\" \/>\n<meta property=\"og:title\" content=\"Cas CleanLease Goes - Laundry Dashboard\" \/>\n<meta property=\"og:description\" content=\"La direction et les \u00e9quipes de Cleanlease ont r\u00e9ussi \u00e0 am\u00e9liorer de mani\u00e8re significative les performances gr\u00e2ce \u00e0 Laundry Dashboard.\" \/>\n<meta property=\"og:url\" content=\"https:\/\/www.laundrydashboard.com\/fr\/cas\/cas-cleanlease-goes\/\" \/>\n<meta property=\"og:site_name\" content=\"Laundry Dashboard\" \/>\n<meta property=\"article:modified_time\" content=\"2022-10-07T12:15:35+00:00\" \/>\n<meta name=\"twitter:card\" content=\"summary_large_image\" \/>\n<script type=\"application\/ld+json\" class=\"yoast-schema-graph\">{\"@context\":\"https:\/\/schema.org\",\"@graph\":[{\"@type\":\"WebPage\",\"@id\":\"https:\/\/www.laundrydashboard.com\/fr\/cas\/cas-cleanlease-goes\/\",\"url\":\"https:\/\/www.laundrydashboard.com\/fr\/cas\/cas-cleanlease-goes\/\",\"name\":\"Cas CleanLease Goes - Laundry Dashboard\",\"isPartOf\":{\"@id\":\"https:\/\/laundrydashboard.com\/nl\/#website\"},\"datePublished\":\"2020-07-22T11:27:53+00:00\",\"dateModified\":\"2022-10-07T12:15:35+00:00\",\"description\":\"La direction et les \u00e9quipes de Cleanlease ont r\u00e9ussi \u00e0 am\u00e9liorer de mani\u00e8re significative les performances gr\u00e2ce \u00e0 Laundry Dashboard.\",\"breadcrumb\":{\"@id\":\"https:\/\/www.laundrydashboard.com\/fr\/cas\/cas-cleanlease-goes\/#breadcrumb\"},\"inLanguage\":\"fr-FR\",\"potentialAction\":[{\"@type\":\"ReadAction\",\"target\":[\"https:\/\/www.laundrydashboard.com\/fr\/cas\/cas-cleanlease-goes\/\"]}]},{\"@type\":\"BreadcrumbList\",\"@id\":\"https:\/\/www.laundrydashboard.com\/fr\/cas\/cas-cleanlease-goes\/#breadcrumb\",\"itemListElement\":[{\"@type\":\"ListItem\",\"position\":1,\"name\":\"Home\",\"item\":\"https:\/\/laundrydashboard.com\/fr\/\"},{\"@type\":\"ListItem\",\"position\":2,\"name\":\"Cas\",\"item\":\"https:\/\/laundrydashboard.com\/fr\/cas\/\"},{\"@type\":\"ListItem\",\"position\":3,\"name\":\"Cas CleanLease Goes\"}]},{\"@type\":\"WebSite\",\"@id\":\"https:\/\/laundrydashboard.com\/nl\/#website\",\"url\":\"https:\/\/laundrydashboard.com\/nl\/\",\"name\":\"Laundry Dashboard\",\"description\":\"\",\"potentialAction\":[{\"@type\":\"SearchAction\",\"target\":{\"@type\":\"EntryPoint\",\"urlTemplate\":\"https:\/\/laundrydashboard.com\/nl\/?s={search_term_string}\"},\"query-input\":{\"@type\":\"PropertyValueSpecification\",\"valueRequired\":true,\"valueName\":\"search_term_string\"}}],\"inLanguage\":\"fr-FR\"}]}<\/script>\n<!-- \/ Yoast SEO plugin. -->","yoast_head_json":{"title":"Cas CleanLease Goes - Laundry Dashboard","description":"La direction et les \u00e9quipes de Cleanlease ont r\u00e9ussi \u00e0 am\u00e9liorer de mani\u00e8re significative les performances gr\u00e2ce \u00e0 Laundry Dashboard.","robots":{"index":"index","follow":"follow","max-snippet":"max-snippet:-1","max-image-preview":"max-image-preview:large","max-video-preview":"max-video-preview:-1"},"canonical":"https:\/\/www.laundrydashboard.com\/fr\/cas\/cas-cleanlease-goes\/","og_locale":"fr_FR","og_type":"article","og_title":"Cas CleanLease Goes - Laundry Dashboard","og_description":"La direction et les \u00e9quipes de Cleanlease ont r\u00e9ussi \u00e0 am\u00e9liorer de mani\u00e8re significative les performances gr\u00e2ce \u00e0 Laundry Dashboard.","og_url":"https:\/\/www.laundrydashboard.com\/fr\/cas\/cas-cleanlease-goes\/","og_site_name":"Laundry Dashboard","article_modified_time":"2022-10-07T12:15:35+00:00","twitter_card":"summary_large_image","schema":{"@context":"https:\/\/schema.org","@graph":[{"@type":"WebPage","@id":"https:\/\/www.laundrydashboard.com\/fr\/cas\/cas-cleanlease-goes\/","url":"https:\/\/www.laundrydashboard.com\/fr\/cas\/cas-cleanlease-goes\/","name":"Cas CleanLease Goes - Laundry Dashboard","isPartOf":{"@id":"https:\/\/laundrydashboard.com\/nl\/#website"},"datePublished":"2020-07-22T11:27:53+00:00","dateModified":"2022-10-07T12:15:35+00:00","description":"La direction et les \u00e9quipes de Cleanlease ont r\u00e9ussi \u00e0 am\u00e9liorer de mani\u00e8re significative les performances gr\u00e2ce \u00e0 Laundry Dashboard.","breadcrumb":{"@id":"https:\/\/www.laundrydashboard.com\/fr\/cas\/cas-cleanlease-goes\/#breadcrumb"},"inLanguage":"fr-FR","potentialAction":[{"@type":"ReadAction","target":["https:\/\/www.laundrydashboard.com\/fr\/cas\/cas-cleanlease-goes\/"]}]},{"@type":"BreadcrumbList","@id":"https:\/\/www.laundrydashboard.com\/fr\/cas\/cas-cleanlease-goes\/#breadcrumb","itemListElement":[{"@type":"ListItem","position":1,"name":"Home","item":"https:\/\/laundrydashboard.com\/fr\/"},{"@type":"ListItem","position":2,"name":"Cas","item":"https:\/\/laundrydashboard.com\/fr\/cas\/"},{"@type":"ListItem","position":3,"name":"Cas CleanLease Goes"}]},{"@type":"WebSite","@id":"https:\/\/laundrydashboard.com\/nl\/#website","url":"https:\/\/laundrydashboard.com\/nl\/","name":"Laundry Dashboard","description":"","potentialAction":[{"@type":"SearchAction","target":{"@type":"EntryPoint","urlTemplate":"https:\/\/laundrydashboard.com\/nl\/?s={search_term_string}"},"query-input":{"@type":"PropertyValueSpecification","valueRequired":true,"valueName":"search_term_string"}}],"inLanguage":"fr-FR"}]}},"_links":{"self":[{"href":"https:\/\/www.laundrydashboard.com\/fr\/wp-json\/wp\/v2\/pages\/1184","targetHints":{"allow":["GET"]}}],"collection":[{"href":"https:\/\/www.laundrydashboard.com\/fr\/wp-json\/wp\/v2\/pages"}],"about":[{"href":"https:\/\/www.laundrydashboard.com\/fr\/wp-json\/wp\/v2\/types\/page"}],"author":[{"embeddable":true,"href":"https:\/\/www.laundrydashboard.com\/fr\/wp-json\/wp\/v2\/users\/1"}],"replies":[{"embeddable":true,"href":"https:\/\/www.laundrydashboard.com\/fr\/wp-json\/wp\/v2\/comments?post=1184"}],"version-history":[{"count":12,"href":"https:\/\/www.laundrydashboard.com\/fr\/wp-json\/wp\/v2\/pages\/1184\/revisions"}],"predecessor-version":[{"id":2115,"href":"https:\/\/www.laundrydashboard.com\/fr\/wp-json\/wp\/v2\/pages\/1184\/revisions\/2115"}],"up":[{"embeddable":true,"href":"https:\/\/www.laundrydashboard.com\/fr\/wp-json\/wp\/v2\/pages\/1178"}],"wp:attachment":[{"href":"https:\/\/www.laundrydashboard.com\/fr\/wp-json\/wp\/v2\/media?parent=1184"}],"curies":[{"name":"wp","href":"https:\/\/api.w.org\/{rel}","templated":true}]}}