{"id":1178,"date":"2020-07-22T12:17:26","date_gmt":"2020-07-22T11:17:26","guid":{"rendered":"https:\/\/ldb.spankracht-acceptatie.nl\/cases\/"},"modified":"2024-07-08T14:32:08","modified_gmt":"2024-07-08T13:32:08","slug":"cas","status":"publish","type":"page","link":"https:\/\/www.laundrydashboard.com\/fr\/cas\/","title":{"rendered":"Cas"},"content":{"rendered":"","protected":false},"excerpt":{"rendered":"","protected":false},"author":1,"featured_media":0,"parent":0,"menu_order":0,"comment_status":"closed","ping_status":"closed","template":"","meta":{"_acf_changed":false,"footnotes":""},"class_list":["post-1178","page","type-page","status-publish","hentry"],"acf":{"flexible_content":[{"acf_fc_layout":"feature","pre_title":"Centralvaskeriet L\u00f8gumkloster, Danemark","title":"Am\u00e9lioration de la production de lin de 30%.","intro":"\u2018Vous pouvez effectivement promener votre regard dans la blanchisserie, et penser que tout le monde est en plein travail \u2013 ou pas, mais ce n\u2019est qu\u2019une impression. Qui n\u2019est d\u2019ailleurs pas digne de confiance. Il vous faut un outil permettant de surveiller et de mesurer tout cela. \u2019","buttons":[{"link":{"title":"Voir ce cas","url":"https:\/\/www.laundrydashboard.com\/fr\/cas\/casus-centralvaskeriet-denemarken\/","target":""}}],"media":{"choice":"image","toggle":false,"chosen_element":"","attributes":{"horizontal":"","vertical":"","custom_style_element_size":false,"min_element_size":"","style_element_size":50,"max_element_size":""},"image":"{\"original_image\":\"3330\",\"cropped_image\":\"3330\"}","platform":"vimeo","autoplay_toggle":false,"vimeo":"","youtube":"","upload_video_file":null},"type":"left","vertical_alignment":"top","heading_type":"h2","heading":"h2","text_color":"","padding":{"top":"m","bottom":"m"},"layout_bg_show_image":false,"background_color":"","layout_bg_overlay":"","layout_bg_image_desktop":null,"layout_bg_position_desktop":"center","layout_bg_image_mobile":null,"layout_bg_position_mobile":"center","title-transition":{"has_transition":false,"transition_type":"none","transition_offset":"","transition_delay":0},"intro-transition":{"has_transition":false,"transition_type":"none","transition_offset":"","transition_delay":0},"image-transition":{"has_transition":false,"transition_type":"none","transition_offset":"","transition_delay":0},"buttons-transition":{"has_transition":false,"transition_type":"none","transition_offset":"","transition_delay":0},"layout_custom_css":""},{"acf_fc_layout":"feature","pre_title":"Moderna Textielservice Hardenberg, Pays-Bas","title":"La consommation de gaz d'au moins 10 %.","intro":"Laundry Dashboard donne un aper\u00e7u de l'efficacit\u00e9 de la capacit\u00e9 de travail, de la performance des machines et de la performance de la consommation. Sur la base de ces donn\u00e9es, Moderna a pu optimiser sa consommation d'\u00e9nergie, et un gain de temps substantiel a \u00e9t\u00e9 r\u00e9alis\u00e9 dans les s\u00e9choirs.","buttons":[{"link":{"title":"Voir ce cas","url":"https:\/\/www.laundrydashboard.com\/fr\/cas\/casus-moderna-textielservice-hardenberg\/","target":""}}],"media":{"choice":"image","toggle":false,"chosen_element":"","attributes":{"horizontal":"","vertical":"","custom_style_element_size":false,"min_element_size":"","style_element_size":50,"max_element_size":""},"image":"{\"original_image\":\"3243\",\"cropped_image\":\"3243\"}","platform":"vimeo","autoplay_toggle":false,"vimeo":"","youtube":"","upload_video_file":null},"type":"right","vertical_alignment":"top","heading_type":"h2","heading":"h2","text_color":"","padding":{"top":"m","bottom":"m"},"layout_bg_show_image":false,"background_color":"","layout_bg_overlay":"","layout_bg_image_desktop":null,"layout_bg_position_desktop":"center","layout_bg_image_mobile":null,"layout_bg_position_mobile":"center","title-transition":{"has_transition":false,"transition_type":"none","transition_offset":"","transition_delay":0},"intro-transition":{"has_transition":false,"transition_type":"none","transition_offset":"","transition_delay":0},"image-transition":{"has_transition":false,"transition_type":"none","transition_offset":"","transition_delay":0},"buttons-transition":{"has_transition":false,"transition_type":"none","transition_offset":"","transition_delay":0},"layout_custom_css":""},{"acf_fc_layout":"feature","pre_title":"Cleanlease Goes, Pays-Bas","title":"Des gains de productivit\u00e9 de 4 % promis, 15 % r\u00e9alis\u00e9s.","intro":"La principale raison pour laquelle CleanLease utilise le Laundry Dashboard est de porter la performance de la blanchisserie \u00e0 un niveau sup\u00e9rieur. Cela se refl\u00e8te dans un aper\u00e7u des performances des machines, des performances des d\u00e9partements et des employ\u00e9s.","buttons":[{"link":{"title":"Voir ce cas","url":"https:\/\/www.laundrydashboard.com\/fr\/cas\/cas-cleanlease-goes","target":""}}],"media":{"choice":"image","toggle":false,"chosen_element":"","attributes":{"horizontal":"","vertical":"","custom_style_element_size":false,"min_element_size":"","style_element_size":50,"max_element_size":""},"image":"{\"original_image\":\"730\",\"cropped_image\":\"730\"}","platform":"vimeo","autoplay_toggle":false,"vimeo":"","youtube":"","upload_video_file":null},"type":"left","vertical_alignment":"top","heading_type":"h2","heading":"h2","text_color":"","padding":{"top":"m","bottom":"m"},"layout_bg_show_image":false,"background_color":"","layout_bg_overlay":"","layout_bg_image_desktop":null,"layout_bg_position_desktop":"center","layout_bg_image_mobile":null,"layout_bg_position_mobile":"center","title-transition":{"has_transition":false,"transition_type":"none","transition_offset":"","transition_delay":0},"intro-transition":{"has_transition":false,"transition_type":"none","transition_offset":"","transition_delay":0},"image-transition":{"has_transition":false,"transition_type":"none","transition_offset":"","transition_delay":0},"buttons-transition":{"has_transition":false,"transition_type":"none","transition_offset":"","transition_delay":0},"layout_custom_css":""},{"acf_fc_layout":"feature","pre_title":"Cleanlease Eindhoven, Pays-Bas","title":"Un rendement financier plus \u00e9lev\u00e9, une plus grande satisfaction du client.","intro":"Les raisons qui ont pouss\u00e9 CleanLease Eindhoven \u00e0 acheter Laundry Dashboard \u00e9taient, d'une part, de vouloir une plus grande productivit\u00e9 et, d'autre part, de vouloir disposer d'un syst\u00e8me plus objectif pour contr\u00f4ler les performances des employ\u00e9s.","buttons":[{"link":{"title":"Voir ce cas","url":"https:\/\/www.laundrydashboard.com\/fr\/cas\/cas-cleanlease-eindhoven\/","target":""}}],"media":{"choice":"image","toggle":false,"chosen_element":"","attributes":{"horizontal":"","vertical":"","custom_style_element_size":false,"min_element_size":"","style_element_size":50,"max_element_size":""},"image":"{\"original_image\":\"2180\",\"cropped_image\":\"2180\"}","platform":"vimeo","autoplay_toggle":false,"vimeo":"","youtube":"","upload_video_file":null},"type":"right","vertical_alignment":"top","heading_type":"h2","heading":"h2","text_color":"","padding":{"top":"m","bottom":"m"},"layout_bg_show_image":false,"background_color":"","layout_bg_overlay":"","layout_bg_image_desktop":null,"layout_bg_position_desktop":"center","layout_bg_image_mobile":null,"layout_bg_position_mobile":"center","title-transition":{"has_transition":false,"transition_type":"none","transition_offset":"","transition_delay":0},"intro-transition":{"has_transition":false,"transition_type":"none","transition_offset":"","transition_delay":0},"image-transition":{"has_transition":false,"transition_type":"none","transition_offset":"","transition_delay":0},"buttons-transition":{"has_transition":false,"transition_type":"none","transition_offset":"","transition_delay":0},"layout_custom_css":""}]},"yoast_head":"<!-- This site is optimized with the Yoast SEO plugin v27.0 - https:\/\/yoast.com\/product\/yoast-seo-wordpress\/ -->\n<title>Cas - Laundry Dashboard<\/title>\n<meta name=\"description\" content=\"Consultez les diff\u00e9rentes \u00e9tudes de cas et d\u00e9couvrez ce que Laundry Dashboard a d\u00e9j\u00e0 pu faire pour d&#039;autres blanchisseries.\" \/>\n<meta name=\"robots\" content=\"index, follow, max-snippet:-1, max-image-preview:large, max-video-preview:-1\" \/>\n<link rel=\"canonical\" href=\"https:\/\/laundrydashboard.com\/fr\/cas\/\" \/>\n<meta property=\"og:locale\" content=\"fr_FR\" \/>\n<meta property=\"og:type\" content=\"article\" \/>\n<meta property=\"og:title\" content=\"Cas - Laundry Dashboard\" \/>\n<meta property=\"og:description\" content=\"Consultez les diff\u00e9rentes \u00e9tudes de cas et d\u00e9couvrez ce que Laundry Dashboard a d\u00e9j\u00e0 pu faire pour d&#039;autres blanchisseries.\" \/>\n<meta property=\"og:url\" content=\"https:\/\/laundrydashboard.com\/fr\/cas\/\" \/>\n<meta property=\"og:site_name\" content=\"Laundry Dashboard\" \/>\n<meta property=\"article:modified_time\" content=\"2024-07-08T13:32:08+00:00\" \/>\n<meta name=\"twitter:card\" content=\"summary_large_image\" \/>\n<meta name=\"twitter:label1\" content=\"Est. reading time\" \/>\n\t<meta name=\"twitter:data1\" content=\"2 minutes\" \/>\n<script type=\"application\/ld+json\" class=\"yoast-schema-graph\">{\"@context\":\"https:\/\/schema.org\",\"@graph\":[{\"@type\":\"WebPage\",\"@id\":\"https:\/\/laundrydashboard.com\/fr\/cas\/\",\"url\":\"https:\/\/laundrydashboard.com\/fr\/cas\/\",\"name\":\"Cas - Laundry Dashboard\",\"isPartOf\":{\"@id\":\"https:\/\/www.laundrydashboard.com\/fr\/#website\"},\"datePublished\":\"2020-07-22T11:17:26+00:00\",\"dateModified\":\"2024-07-08T13:32:08+00:00\",\"description\":\"Consultez les diff\u00e9rentes \u00e9tudes de cas et d\u00e9couvrez ce que Laundry Dashboard a d\u00e9j\u00e0 pu faire pour d'autres blanchisseries.\",\"breadcrumb\":{\"@id\":\"https:\/\/laundrydashboard.com\/fr\/cas\/#breadcrumb\"},\"inLanguage\":\"fr-FR\",\"potentialAction\":[{\"@type\":\"ReadAction\",\"target\":[\"https:\/\/laundrydashboard.com\/fr\/cas\/\"]}]},{\"@type\":\"BreadcrumbList\",\"@id\":\"https:\/\/laundrydashboard.com\/fr\/cas\/#breadcrumb\",\"itemListElement\":[{\"@type\":\"ListItem\",\"position\":1,\"name\":\"Home\",\"item\":\"https:\/\/www.laundrydashboard.com\/fr\/\"},{\"@type\":\"ListItem\",\"position\":2,\"name\":\"Cas\"}]},{\"@type\":\"WebSite\",\"@id\":\"https:\/\/www.laundrydashboard.com\/fr\/#website\",\"url\":\"https:\/\/www.laundrydashboard.com\/fr\/\",\"name\":\"Laundry Dashboard\",\"description\":\"\",\"potentialAction\":[{\"@type\":\"SearchAction\",\"target\":{\"@type\":\"EntryPoint\",\"urlTemplate\":\"https:\/\/www.laundrydashboard.com\/fr\/?s={search_term_string}\"},\"query-input\":{\"@type\":\"PropertyValueSpecification\",\"valueRequired\":true,\"valueName\":\"search_term_string\"}}],\"inLanguage\":\"fr-FR\"}]}<\/script>\n<!-- \/ Yoast SEO plugin. -->","yoast_head_json":{"title":"Cas - Laundry Dashboard","description":"Consultez les diff\u00e9rentes \u00e9tudes de cas et d\u00e9couvrez ce que Laundry Dashboard a d\u00e9j\u00e0 pu faire pour d'autres blanchisseries.","robots":{"index":"index","follow":"follow","max-snippet":"max-snippet:-1","max-image-preview":"max-image-preview:large","max-video-preview":"max-video-preview:-1"},"canonical":"https:\/\/laundrydashboard.com\/fr\/cas\/","og_locale":"fr_FR","og_type":"article","og_title":"Cas - Laundry Dashboard","og_description":"Consultez les diff\u00e9rentes \u00e9tudes de cas et d\u00e9couvrez ce que Laundry Dashboard a d\u00e9j\u00e0 pu faire pour d'autres blanchisseries.","og_url":"https:\/\/laundrydashboard.com\/fr\/cas\/","og_site_name":"Laundry Dashboard","article_modified_time":"2024-07-08T13:32:08+00:00","twitter_card":"summary_large_image","twitter_misc":{"Est. reading time":"2 minutes"},"schema":{"@context":"https:\/\/schema.org","@graph":[{"@type":"WebPage","@id":"https:\/\/laundrydashboard.com\/fr\/cas\/","url":"https:\/\/laundrydashboard.com\/fr\/cas\/","name":"Cas - Laundry Dashboard","isPartOf":{"@id":"https:\/\/www.laundrydashboard.com\/fr\/#website"},"datePublished":"2020-07-22T11:17:26+00:00","dateModified":"2024-07-08T13:32:08+00:00","description":"Consultez les diff\u00e9rentes \u00e9tudes de cas et d\u00e9couvrez ce que Laundry Dashboard a d\u00e9j\u00e0 pu faire pour d'autres blanchisseries.","breadcrumb":{"@id":"https:\/\/laundrydashboard.com\/fr\/cas\/#breadcrumb"},"inLanguage":"fr-FR","potentialAction":[{"@type":"ReadAction","target":["https:\/\/laundrydashboard.com\/fr\/cas\/"]}]},{"@type":"BreadcrumbList","@id":"https:\/\/laundrydashboard.com\/fr\/cas\/#breadcrumb","itemListElement":[{"@type":"ListItem","position":1,"name":"Home","item":"https:\/\/www.laundrydashboard.com\/fr\/"},{"@type":"ListItem","position":2,"name":"Cas"}]},{"@type":"WebSite","@id":"https:\/\/www.laundrydashboard.com\/fr\/#website","url":"https:\/\/www.laundrydashboard.com\/fr\/","name":"Laundry Dashboard","description":"","potentialAction":[{"@type":"SearchAction","target":{"@type":"EntryPoint","urlTemplate":"https:\/\/www.laundrydashboard.com\/fr\/?s={search_term_string}"},"query-input":{"@type":"PropertyValueSpecification","valueRequired":true,"valueName":"search_term_string"}}],"inLanguage":"fr-FR"}]}},"_links":{"self":[{"href":"https:\/\/www.laundrydashboard.com\/fr\/wp-json\/wp\/v2\/pages\/1178","targetHints":{"allow":["GET"]}}],"collection":[{"href":"https:\/\/www.laundrydashboard.com\/fr\/wp-json\/wp\/v2\/pages"}],"about":[{"href":"https:\/\/www.laundrydashboard.com\/fr\/wp-json\/wp\/v2\/types\/page"}],"author":[{"embeddable":true,"href":"https:\/\/www.laundrydashboard.com\/fr\/wp-json\/wp\/v2\/users\/1"}],"replies":[{"embeddable":true,"href":"https:\/\/www.laundrydashboard.com\/fr\/wp-json\/wp\/v2\/comments?post=1178"}],"version-history":[{"count":24,"href":"https:\/\/www.laundrydashboard.com\/fr\/wp-json\/wp\/v2\/pages\/1178\/revisions"}],"predecessor-version":[{"id":3419,"href":"https:\/\/www.laundrydashboard.com\/fr\/wp-json\/wp\/v2\/pages\/1178\/revisions\/3419"}],"wp:attachment":[{"href":"https:\/\/www.laundrydashboard.com\/fr\/wp-json\/wp\/v2\/media?parent=1178"}],"curies":[{"name":"wp","href":"https:\/\/api.w.org\/{rel}","templated":true}]}}