{"id":5332,"date":"2025-11-27T12:41:49","date_gmt":"2025-11-27T11:41:49","guid":{"rendered":"https:\/\/www.laundrydashboard.com\/?page_id=5332"},"modified":"2025-11-28T09:25:45","modified_gmt":"2025-11-28T08:25:45","slug":"decoclean-gladenbach","status":"publish","type":"page","link":"https:\/\/www.laundrydashboard.com\/de\/fallbeispiele\/decoclean-gladenbach\/","title":{"rendered":"Fallbeispiel DECOCLEAN, Gladenbach"},"content":{"rendered":"","protected":false},"excerpt":{"rendered":"","protected":false},"author":5,"featured_media":0,"parent":1179,"menu_order":0,"comment_status":"closed","ping_status":"closed","template":"","meta":{"_acf_changed":false,"footnotes":""},"class_list":["post-5332","page","type-page","status-publish","hentry"],"acf":{"flexible_content":[{"acf_fc_layout":"wysiwyg","pre_title":"Fallbeispiel DECOCLEAN, Gladenbach","title":"34% mehr Produktivit\u00e4t dank <br> Laundry Dashboard","intro":"","content":"Smarter produzieren ohne Erweiterung\r\n\r\n&nbsp;","buttons":null,"heading_type":"h2","heading":"h2","layout_text_align":"centered","layout_textbox_size":"8","text_color":"","padding":{"top":"m","bottom":"m"},"layout_bg_show_image":false,"background_color":"","layout_bg_overlay":"","layout_bg_image_desktop":null,"layout_bg_position_desktop":"center","layout_bg_image_mobile":null,"layout_bg_position_mobile":"center","pre-title-transition":{"has_transition":false,"transition_type":"none","transition_offset":0,"transition_delay":0},"title-transition":{"has_transition":false,"transition_type":"none","transition_offset":"","transition_delay":0},"intro-transition":{"has_transition":false,"transition_type":"none","transition_offset":"","transition_delay":0},"text-transition":{"has_transition":false,"transition_type":"none","transition_offset":"","transition_delay":0},"layout_custom_css":null},{"acf_fc_layout":"videoblock","pre_title":"","title":"","intro":"","platform":"youtube","vimeo":"","youtube":"https:\/\/www.youtube.com\/watch?v=BefF13sq12E","heading_type":"h2","heading":"h2","layout_text_align":"centered","text_color":"","padding":{"top":"m","bottom":"m"},"layout_bg_show_image":false,"background_color":"","layout_bg_overlay":"","layout_bg_image_desktop":null,"layout_bg_position_desktop":"center","layout_bg_image_mobile":null,"layout_bg_position_mobile":"center","layout_custom_css":null,"pre-title-transition":{"has_transition":false,"transition_type":"none","transition_offset":0,"transition_delay":0},"title-transition":{"has_transition":false,"transition_type":"none","transition_offset":"","transition_delay":0},"intro-transition":{"has_transition":false,"transition_type":"none","transition_offset":"","transition_delay":0},"text-transition":{"has_transition":false,"transition_type":"none","transition_offset":"","transition_delay":0}},{"acf_fc_layout":"split-content","title":"","column_1":"<strong>\u00dcber DECOCLEAN<\/strong>\r\n<p data-start=\"337\" data-end=\"585\">Decoclean ist ein deutsches Familienunternehmen, das sich seit Jahrzehnten auf das Waschen und Vermieten von Arbeitskleidung und Matten spezialisiert. Vom Standort in Gladenbach aus betreut das Unternehmen Kunden aus unterschiedlichsten Branchen.<\/p>\r\n<p data-start=\"587\" data-end=\"924\">2023 stand Decoclean vor einer Herausforderung, die viele W\u00e4schereien kennen: ein gro\u00dfer Neukunde \u2013 aber keine M\u00f6glichkeit, Geb\u00e4ude oder Maschinenpark zu erweitern. Die Frage lautete: Wie steigern wir die Kapazit\u00e4t, ohne zus\u00e4tzlich zu investieren? Die Antwort: smarter arbeiten und das volle Potenzial der bestehenden Anlagen nutzen.<\/p>\r\n<strong>Die Herausforderung<\/strong>\r\n\r\nMit dem neuen Auftrag musste die Produktion deutlich gesteigert werden. Decoclean ben\u00f6tigte:\r\n\r\n\u2981 transparente Einsicht in Engp\u00e4sse und Prozessabweichungen\r\n\u2981 eine bessere Abstimmung zwischen Kapazit\u00e4t und Planung\r\n\u2981 Echtzeitinformationen f\u00fcr schnelle Entscheidungen\r\n\u2981 Wachstum auf Basis der bestehenden Maschinen\r\n\r\nKurz: mehr Output durch besseren Einblick.\r\n\r\n<strong><!--StartFragment --><span class=\"cf0\">Die <\/span><span class=\"cf0\">L\u00f6sung<\/span><span class=\"cf0\">: Laundry Dashboard<\/span><!--EndFragment --><\/strong>\r\n\r\n<!--StartFragment -->\r\n\r\n<span class=\"cf0\">Decoclean <\/span><span class=\"cf0\">entschied<\/span> <span class=\"cf0\">sich<\/span> <span class=\"cf0\">f\u00fcr<\/span><span class=\"cf0\"> das Laundry Dashboard <\/span><span class=\"cf1\">\u2013 <\/span><span class=\"cf1\">unsere<\/span> <span class=\"cf1\">modulare<\/span><span class=\"cf1\">, <\/span><span class=\"cf1\">markenunabh<\/span><span class=\"cf0\">\u00e4ngige<\/span> <span class=\"cf0\">L\u00f6sung<\/span><span class=\"cf0\">, die <\/span><span class=\"cf0\">Menschen<\/span><span class=\"cf0\">, <\/span><span class=\"cf0\">Maschinen<\/span> <span class=\"cf0\">und<\/span> <span class=\"cf0\">Prozesse<\/span> <span class=\"cf0\">miteinander<\/span> <span class=\"cf0\">verbindet<\/span><span class=\"cf0\">. <\/span><span class=\"cf0\">Bereits<\/span> <span class=\"cf0\">zw\u00f6lf<\/span> <span class=\"cf0\">Wochen<\/span> <span class=\"cf0\">nach<\/span> <span class=\"cf0\">Projektstart<\/span><span class=\"cf0\"> war das System <\/span><span class=\"cf0\">vollst\u00e4ndig<\/span><span class=\"cf0\"> in <\/span><span class=\"cf0\">Betrieb<\/span><span class=\"cf0\">.<\/span>\r\n\r\n<!--EndFragment -->","column_2":"<strong><!--StartFragment --><span class=\"cf0\">Laundry Dashboard <\/span><span class=\"cf0\">bietet<\/span><span class=\"cf0\"> Decoclean <\/span><span class=\"cf0\">heute<\/span><span class=\"cf0\">:<\/span><!--EndFragment --><\/strong>\r\n<ul>\r\n \t<li><span class=\"cf0\">Echtzeit-Transparenz<\/span> <span class=\"cf0\">\u00fcber<\/span><span class=\"cf0\"> die <\/span><span class=\"cf0\">Leistung<\/span> <span class=\"cf0\">von<\/span> <span class=\"cf0\">Mitarbeitenden<\/span> <span class=\"cf0\">und<\/span> <span class=\"cf0\">Maschinen<\/span><\/li>\r\n \t<li><span class=\"cf0\">Automatische <\/span><span class=\"cf0\">Benachrichtigungen<\/span><span class=\"cf0\"> bei <\/span><span class=\"cf0\">Abweichungen<\/span> <span class=\"cf0\">oder<\/span> <span class=\"cf0\">Stillst\u00e4nden\r\n<\/span><\/li>\r\n \t<li><span class=\"cf0\">Maschinenleistungs<\/span><span class=\"cf0\">-Analysen <\/span><span class=\"cf0\">zur<\/span> <span class=\"cf0\">fr\u00fchzeitigen<\/span> <span class=\"cf0\">Erkennung<\/span> <span class=\"cf0\">von<\/span> <span class=\"cf0\">Kapazit\u00e4tsgrenzen\r\n<\/span><\/li>\r\n \t<li><span class=\"cf0\">Kontinuierliche<\/span> <span class=\"cf0\">Prozess\u00fcberwachung<\/span> <span class=\"cf0\">und<\/span> <span class=\"cf0\">automatisierte<\/span><span class=\"cf0\"> Berichte <\/span><span class=\"cf0\">f\u00fcr<\/span> <span class=\"cf0\">fundierte<\/span> <span class=\"cf0\">Entscheidungen\r\n<\/span><\/li>\r\n \t<li><span class=\"cf0\">Die klaren Dashboards <\/span><span class=\"cf0\">zeigen<\/span> <span class=\"cf0\">dem<\/span> <span class=\"cf0\">gesamten<\/span><span class=\"cf0\"> Team, wo <\/span><span class=\"cf0\">Chancen<\/span><span class=\"cf0\"> liegen <\/span><span class=\"cf0\">und<\/span><span class=\"cf0\"> wo <\/span><span class=\"cf0\">unmittelbares<\/span> <span class=\"cf0\">Handeln<\/span> <span class=\"cf0\">erforderlich<\/span> <span class=\"cf0\">ist<\/span><span class=\"cf0\">. Das <\/span><span class=\"cf0\">Ergebnis<\/span><span class=\"cf0\">: <\/span><span class=\"cf0\">mehr<\/span> <span class=\"cf0\">\u00dcbersicht<\/span><span class=\"cf0\">, <\/span><span class=\"cf0\">mehr<\/span> <span class=\"cf0\">Ruhe<\/span><span class=\"cf0\">, <\/span><span class=\"cf0\">mehr<\/span> <span class=\"cf0\">Zusammenarbeit<\/span><span class=\"cf0\">.<\/span><\/li>\r\n<\/ul>\r\n<strong><!--StartFragment --><span class=\"cf0\">Das <\/span><span class=\"cf0\">Ergebnis<\/span><span class=\"cf0\">: 34 % <\/span><span class=\"cf0\">mehr<\/span> <span class=\"cf0\">Kapazit\u00e4t<\/span><!--EndFragment --><\/strong>\r\n\r\n<!--StartFragment -->\r\n\r\nSeit der Einf\u00fchrung im Mai 2023 konnte Decoclean die Produktivit\u00e4t um 34 % steigern, im Zeitraum von Mai 2023 bis Mai 2024.\r\n\r\n<span class=\"cf0\">Mit<\/span> <span class=\"cf0\">demselben<\/span> <span class=\"cf0\">Maschinenpark<\/span> <span class=\"cf0\">produziert<\/span><span class=\"cf0\"> das <\/span><span class=\"cf0\">Unternehmen<\/span> <span class=\"cf0\">heute<\/span> <strong><span class=\"cf0\">ein<\/span> <span class=\"cf0\">Drittel<\/span> <span class=\"cf0\">mehr<\/span><\/strong><span class=\"cf0\"><strong> Output<\/strong>.<\/span><!--EndFragment -->\r\n\r\n<!--StartFragment -->\r\n<p class=\"pf0\"><span class=\"cf0\">Und<\/span><span class=\"cf0\"> die <\/span><span class=\"cf0\">Wirkung<\/span> <span class=\"cf0\">auf<\/span><span class=\"cf0\"> die Business-Case-<\/span><span class=\"cf0\">Rechnung<\/span> <span class=\"cf0\">ist<\/span> <span class=\"cf0\">deutlich<\/span><span class=\"cf0\">:<\/span><\/p>\r\n\r\n<ul>\r\n \t<li class=\"pf1\"><span class=\"cf0\">urspr\u00fcnglich<\/span><span class=\"cf0\"> geplante <\/span><span class=\"cf0\">Amortisationsdauer<\/span><span class=\"cf0\">: 4 <\/span><span class=\"cf0\">Jahre<\/span><\/li>\r\n \t<li class=\"pf1\"><span class=\"cf0\">tats\u00e4chlich<\/span> <span class=\"cf0\">realisierte<\/span> <span class=\"cf0\">Amortisationsdauer<\/span><span class=\"cf0\">: 12 <\/span><span class=\"cf0\">Monate<\/span><\/li>\r\n<\/ul>\r\n<span class=\"cf0\">Auch<\/span> <span class=\"cf0\">auf<\/span><span class=\"cf0\"> der <\/span><span class=\"cf0\">Fl\u00e4che<\/span> <span class=\"cf0\">ist<\/span><span class=\"cf0\"> der <\/span><span class=\"cf0\">Effekt<\/span> <span class=\"cf0\">sp\u00fcrbar<\/span><span class=\"cf0\">: <\/span><span class=\"cf0\">Mitarbeitende<\/span> <span class=\"cf0\">sehen<\/span> <span class=\"cf0\">ihre<\/span><span class=\"cf0\"> eigenen <\/span><span class=\"cf0\">Ergebnisse<\/span><span class=\"cf0\"> in <\/span><span class=\"cf0\">Echtzeit<\/span> <span class=\"cf0\">und<\/span> <span class=\"cf0\">arbeiten<\/span> <span class=\"cf0\">motivierter<\/span> <span class=\"cf0\">und<\/span> <span class=\"cf0\">st\u00e4rker<\/span><span class=\"cf0\"> als Team <\/span><span class=\"cf0\">zusamm<\/span>\r\n\r\n<!--EndFragment -->","link":"","heading_type":"h2","heading":"h2","column_layout":"halve","text_color":"","padding":{"top":"m","bottom":"m"},"layout_bg_show_image":false,"background_color":"","layout_bg_overlay":"","layout_bg_image_desktop":null,"layout_bg_position_desktop":"center","layout_bg_image_mobile":null,"layout_bg_position_mobile":"center","title-transition":{"has_transition":false,"transition_type":"none","transition_offset":"","transition_delay":0},"text-transition":{"has_transition":false,"transition_type":"none","transition_offset":"","transition_delay":0},"layout_custom_css":null},{"acf_fc_layout":"ctabanner","title":"\u201eWir gingen urspr\u00fcnglich von einer Amortisationszeit von vier Jahren aus, inzwischen sind es nur noch zw\u00f6lf Monate.\u201d","intro":"David Pfeiffer, Gesch\u00e4ftsf\u00fchrer Decoclean","link":"","heading_type":"h2","heading":"h2","layout_background_image":"","background_color":"","text_color":"","padding":{"top":"m","bottom":"m"},"title-transition":{"has_transition":false,"transition_type":"none","transition_offset":"","transition_delay":0},"intro-transition":{"has_transition":false,"transition_type":"none","transition_offset":"","transition_delay":0},"buttons-transition":{"has_transition":false,"transition_type":"none","transition_offset":"","transition_delay":0},"layout_custom_css":null},{"acf_fc_layout":"form","pre_title":"M\u00f6chten Sie auch Ihre Produktivit\u00e4t steigern? Kontaktieren Sie uns f\u00fcr die M\u00f6glichkeiten.","title":"Jetzt kontaktieren","show_form_content":false,"intro":"","link":null,"form":"8","heading_type":"h2","heading":"h2","layout_text_align":"left","text_color":"","padding":{"top":"m","bottom":"m"},"layout_bg_show_image":false,"background_color":"","layout_bg_overlay":"","layout_bg_image_desktop":null,"layout_bg_position_desktop":"center","layout_bg_image_mobile":null,"layout_bg_position_mobile":"center","pre-title-transition":{"has_transition":false,"transition_type":"none","transition_offset":0,"transition_delay":0},"title-transition":{"has_transition":false,"transition_type":"none","transition_offset":"","transition_delay":0},"layout_custom_css":null}]},"yoast_head":"<!-- This site is optimized with the Yoast SEO plugin v27.0 - https:\/\/yoast.com\/product\/yoast-seo-wordpress\/ -->\n<title>Fallbeispiel DECOCLEAN, Gladenbach - Laundry Dashboard<\/title>\n<meta name=\"robots\" content=\"index, follow, max-snippet:-1, max-image-preview:large, max-video-preview:-1\" \/>\n<link rel=\"canonical\" href=\"https:\/\/www.laundrydashboard.com\/de\/fallbeispiele\/decoclean-gladenbach\/\" \/>\n<meta property=\"og:locale\" content=\"de_DE\" \/>\n<meta property=\"og:type\" content=\"article\" \/>\n<meta property=\"og:title\" content=\"Fallbeispiel DECOCLEAN, Gladenbach - Laundry Dashboard\" \/>\n<meta property=\"og:url\" content=\"https:\/\/www.laundrydashboard.com\/de\/fallbeispiele\/decoclean-gladenbach\/\" \/>\n<meta property=\"og:site_name\" content=\"Laundry Dashboard\" \/>\n<meta property=\"article:modified_time\" content=\"2025-11-28T08:25:45+00:00\" \/>\n<meta name=\"twitter:card\" content=\"summary_large_image\" \/>\n<meta name=\"twitter:label1\" content=\"Est. reading time\" \/>\n\t<meta name=\"twitter:data1\" content=\"2 minutes\" \/>\n<script type=\"application\/ld+json\" class=\"yoast-schema-graph\">{\"@context\":\"https:\/\/schema.org\",\"@graph\":[{\"@type\":\"WebPage\",\"@id\":\"https:\/\/www.laundrydashboard.com\/de\/fallbeispiele\/decoclean-gladenbach\/\",\"url\":\"https:\/\/www.laundrydashboard.com\/de\/fallbeispiele\/decoclean-gladenbach\/\",\"name\":\"Fallbeispiel DECOCLEAN, Gladenbach - Laundry Dashboard\",\"isPartOf\":{\"@id\":\"https:\/\/laundrydashboard.com\/nl\/#website\"},\"datePublished\":\"2025-11-27T11:41:49+00:00\",\"dateModified\":\"2025-11-28T08:25:45+00:00\",\"breadcrumb\":{\"@id\":\"https:\/\/www.laundrydashboard.com\/de\/fallbeispiele\/decoclean-gladenbach\/#breadcrumb\"},\"inLanguage\":\"de-DE\",\"potentialAction\":[{\"@type\":\"ReadAction\",\"target\":[\"https:\/\/www.laundrydashboard.com\/de\/fallbeispiele\/decoclean-gladenbach\/\"]}]},{\"@type\":\"BreadcrumbList\",\"@id\":\"https:\/\/www.laundrydashboard.com\/de\/fallbeispiele\/decoclean-gladenbach\/#breadcrumb\",\"itemListElement\":[{\"@type\":\"ListItem\",\"position\":1,\"name\":\"Home\",\"item\":\"https:\/\/www.laundrydashboard.com\/de\/\"},{\"@type\":\"ListItem\",\"position\":2,\"name\":\"Fallbeispielen\",\"item\":\"https:\/\/www.laundrydashboard.com\/de\/fallbeispiele\/\"},{\"@type\":\"ListItem\",\"position\":3,\"name\":\"Fallbeispiel DECOCLEAN, Gladenbach\"}]},{\"@type\":\"WebSite\",\"@id\":\"https:\/\/laundrydashboard.com\/nl\/#website\",\"url\":\"https:\/\/laundrydashboard.com\/nl\/\",\"name\":\"Laundry Dashboard\",\"description\":\"\",\"potentialAction\":[{\"@type\":\"SearchAction\",\"target\":{\"@type\":\"EntryPoint\",\"urlTemplate\":\"https:\/\/laundrydashboard.com\/nl\/?s={search_term_string}\"},\"query-input\":{\"@type\":\"PropertyValueSpecification\",\"valueRequired\":true,\"valueName\":\"search_term_string\"}}],\"inLanguage\":\"de-DE\"}]}<\/script>\n<!-- \/ Yoast SEO plugin. -->","yoast_head_json":{"title":"Fallbeispiel DECOCLEAN, Gladenbach - Laundry Dashboard","robots":{"index":"index","follow":"follow","max-snippet":"max-snippet:-1","max-image-preview":"max-image-preview:large","max-video-preview":"max-video-preview:-1"},"canonical":"https:\/\/www.laundrydashboard.com\/de\/fallbeispiele\/decoclean-gladenbach\/","og_locale":"de_DE","og_type":"article","og_title":"Fallbeispiel DECOCLEAN, Gladenbach - Laundry Dashboard","og_url":"https:\/\/www.laundrydashboard.com\/de\/fallbeispiele\/decoclean-gladenbach\/","og_site_name":"Laundry Dashboard","article_modified_time":"2025-11-28T08:25:45+00:00","twitter_card":"summary_large_image","twitter_misc":{"Est. reading time":"2 minutes"},"schema":{"@context":"https:\/\/schema.org","@graph":[{"@type":"WebPage","@id":"https:\/\/www.laundrydashboard.com\/de\/fallbeispiele\/decoclean-gladenbach\/","url":"https:\/\/www.laundrydashboard.com\/de\/fallbeispiele\/decoclean-gladenbach\/","name":"Fallbeispiel DECOCLEAN, Gladenbach - Laundry Dashboard","isPartOf":{"@id":"https:\/\/laundrydashboard.com\/nl\/#website"},"datePublished":"2025-11-27T11:41:49+00:00","dateModified":"2025-11-28T08:25:45+00:00","breadcrumb":{"@id":"https:\/\/www.laundrydashboard.com\/de\/fallbeispiele\/decoclean-gladenbach\/#breadcrumb"},"inLanguage":"de-DE","potentialAction":[{"@type":"ReadAction","target":["https:\/\/www.laundrydashboard.com\/de\/fallbeispiele\/decoclean-gladenbach\/"]}]},{"@type":"BreadcrumbList","@id":"https:\/\/www.laundrydashboard.com\/de\/fallbeispiele\/decoclean-gladenbach\/#breadcrumb","itemListElement":[{"@type":"ListItem","position":1,"name":"Home","item":"https:\/\/www.laundrydashboard.com\/de\/"},{"@type":"ListItem","position":2,"name":"Fallbeispielen","item":"https:\/\/www.laundrydashboard.com\/de\/fallbeispiele\/"},{"@type":"ListItem","position":3,"name":"Fallbeispiel DECOCLEAN, Gladenbach"}]},{"@type":"WebSite","@id":"https:\/\/laundrydashboard.com\/nl\/#website","url":"https:\/\/laundrydashboard.com\/nl\/","name":"Laundry Dashboard","description":"","potentialAction":[{"@type":"SearchAction","target":{"@type":"EntryPoint","urlTemplate":"https:\/\/laundrydashboard.com\/nl\/?s={search_term_string}"},"query-input":{"@type":"PropertyValueSpecification","valueRequired":true,"valueName":"search_term_string"}}],"inLanguage":"de-DE"}]}},"_links":{"self":[{"href":"https:\/\/www.laundrydashboard.com\/de\/wp-json\/wp\/v2\/pages\/5332","targetHints":{"allow":["GET"]}}],"collection":[{"href":"https:\/\/www.laundrydashboard.com\/de\/wp-json\/wp\/v2\/pages"}],"about":[{"href":"https:\/\/www.laundrydashboard.com\/de\/wp-json\/wp\/v2\/types\/page"}],"author":[{"embeddable":true,"href":"https:\/\/www.laundrydashboard.com\/de\/wp-json\/wp\/v2\/users\/5"}],"replies":[{"embeddable":true,"href":"https:\/\/www.laundrydashboard.com\/de\/wp-json\/wp\/v2\/comments?post=5332"}],"version-history":[{"count":6,"href":"https:\/\/www.laundrydashboard.com\/de\/wp-json\/wp\/v2\/pages\/5332\/revisions"}],"predecessor-version":[{"id":5366,"href":"https:\/\/www.laundrydashboard.com\/de\/wp-json\/wp\/v2\/pages\/5332\/revisions\/5366"}],"up":[{"embeddable":true,"href":"https:\/\/www.laundrydashboard.com\/de\/wp-json\/wp\/v2\/pages\/1179"}],"wp:attachment":[{"href":"https:\/\/www.laundrydashboard.com\/de\/wp-json\/wp\/v2\/media?parent=5332"}],"curies":[{"name":"wp","href":"https:\/\/api.w.org\/{rel}","templated":true}]}}