{"id":5116,"date":"2024-07-08T15:10:47","date_gmt":"2024-07-08T14:10:47","guid":{"rendered":"https:\/\/www.laundrydashboard.com\/?page_id=5116"},"modified":"2024-07-08T15:48:16","modified_gmt":"2024-07-08T14:48:16","slug":"case-gunderson-cleaners","status":"publish","type":"page","link":"https:\/\/www.laundrydashboard.com\/de\/fallbeispiele\/case-gunderson-cleaners\/","title":{"rendered":"Case: Gunderson Cleaners"},"content":{"rendered":"","protected":false},"excerpt":{"rendered":"","protected":false},"author":5,"featured_media":0,"parent":1179,"menu_order":0,"comment_status":"closed","ping_status":"closed","template":"","meta":{"_acf_changed":false,"footnotes":""},"class_list":["post-5116","page","type-page","status-publish","hentry"],"acf":{"flexible_content":[{"acf_fc_layout":"wysiwyg","pre_title":"Case Gunderson Cleaners, Menasha, USA","title":"Eine Produktivit\u00e4ts Steigerung um 33%","intro":"","content":"<img class=\"size-medium wp-image-5078 aligncenter\" src=\"https:\/\/www.laundrydashboard.com\/app\/uploads\/2024\/07\/Gunderson-pand-1-300x155.jpg\" alt=\"\" width=\"300\" height=\"155\" \/>\r\n\r\nGunderson Cleaners ist ein Familienunternehmen, das im Jahr 1952 von Douglas E. Gunderson gegr\u00fcndet wurde. Es wird inzwischen in der dritten Generation erfolgreich gef\u00fchrt. Im Laufe der Jahrzehnte hat sich das Unternehmen zu einem angesehenen regionalen Unternehmen entwickelt, das \u00fcber 250 Mitarbeiter besch\u00e4ftigt. Gunderson Cleaners ist in verschiedenen Sektoren wie dem Gesundheitswesen, dem Gastgewerbe, der Automobilindustrie, dem Einzelhandel und der Industrie t\u00e4tig und bietet W\u00e4schereil\u00f6sungen f\u00fcr die unterschiedlichsten Bed\u00fcrfnisse an.\r\n\r\n<strong>Herausforderung<\/strong>\r\n\r\nIn seinem Streben nach betrieblicher Exzellenz erkannte Gunderson Cleaners die Notwendigkeit, die Effizienz zu steigern und den Einsatz von Mitarbeitern und Maschinen zu optimieren. In Ermangelung eines geeigneten Leistungsmanagement-Tools hatte das Unternehmen Schwierigkeiten, die Produktivit\u00e4t zu verfolgen und den Output zu maximieren.\r\n\r\n<strong>Die L\u00f6sung<\/strong>\r\n\r\nUm diese Herausforderungen zu bew\u00e4ltigen, hat Gunderson Cleaners Laundry Dashboard in seinen Einrichtungen eingef\u00fchrt. Laundry Dashboard erm\u00f6glicht die \u00dcberwachung von Arbeitspl\u00e4tzen in Echtzeit und erleichtert die genaue Verfolgung der Maschinen- und Mitarbeiterproduktivit\u00e4t.\r\n\r\nDieser datengesteuerte Ansatz erm\u00f6glicht es den Mitarbeitern nicht nur, die t\u00e4glichen Ziele zu erreichen, sondern gibt den Managern auch wertvolle Einblicke f\u00fcr eine fundierte Entscheidungsfindung. Dar\u00fcber hinaus erm\u00f6glicht die Integration mit Power-BI eine optimierte Berichterstattung und Datenkonsolidierung, was die Effizienz des Unternehmens steigert.\r\n\r\n<strong>Resultate<\/strong>\r\n\r\nDie Einf\u00fchrung von Laundry Dashboard hat zu erheblichen Verbesserungen bei der Produktivit\u00e4t und der betrieblichen Transparenz gef\u00fchrt. Gunderson Cleaners hat eine bemerkenswerte Steigerung des Outputs beobachtet und eine Verbesserung von 33 % bei den verarbeiteten Pfunden pro Betriebsstunde erreicht.\r\n\r\nDie Mitarbeiter sch\u00e4tzen die benutzerfreundlichen Dashboards, die es ihnen erm\u00f6glichen, ihre Produktion zu \u00fcberpr\u00fcfen und zu einer Kultur der Verantwortlichkeit beizutragen. F\u00fcr die Zukunft erwartet Gunderson Cleaners weitere Vorteile durch fortschrittliche Funktionen wie die Premium-Kostenanalyse, die es erm\u00f6glicht, profitable Segmente und Bereiche f\u00fcr die Kostenoptimierung zu identifizieren.\r\n\r\n<strong>Der Abschluss<\/strong>\r\n\r\nDurch die Entscheidung, mit Laundry Dashboard zu arbeiten, demonstriert Gunderson Cleaners sein st\u00e4ndiges Streben nach betrieblicher Perfektion und Verbesserung. Durch die Nutzung datengest\u00fctzter Erkenntnisse hat die W\u00e4scherei ihre Produktivit\u00e4t gesteigert, Prozesse rationalisiert und sich f\u00fcr den Erfolg auf dem wettbewerbsintensiven Markt f\u00fcr W\u00e4schereidienstleistungen ger\u00fcstet.\r\n\r\n&nbsp;\r\n\r\n&nbsp;","buttons":null,"heading_type":"h2","heading":"h2","layout_text_align":"centered","layout_textbox_size":"8","text_color":"","padding":{"top":"m","bottom":"m"},"layout_bg_show_image":false,"background_color":"","layout_bg_overlay":"","layout_bg_image_desktop":null,"layout_bg_position_desktop":"center","layout_bg_image_mobile":null,"layout_bg_position_mobile":"center","pre-title-transition":{"has_transition":false,"transition_type":"none","transition_offset":0,"transition_delay":0},"title-transition":{"has_transition":false,"transition_type":"none","transition_offset":"","transition_delay":0},"intro-transition":{"has_transition":false,"transition_type":"none","transition_offset":"","transition_delay":0},"text-transition":{"has_transition":false,"transition_type":"none","transition_offset":"","transition_delay":0},"layout_custom_css":""},{"acf_fc_layout":"ctabanner","title":"'Ein ROI von weniger als einem Jahr macht Laundry Dashboard f\u00fcr jede W\u00e4scherei zu einem unschlagbaren Angebot.'","intro":"Dough Gunderson","link":"","heading_type":"h2","heading":"h2","layout_background_image":"","background_color":"","text_color":"","padding":{"top":"m","bottom":"m"},"title-transition":{"has_transition":false,"transition_type":"none","transition_offset":"","transition_delay":0},"intro-transition":{"has_transition":false,"transition_type":"none","transition_offset":"","transition_delay":0},"buttons-transition":{"has_transition":false,"transition_type":"none","transition_offset":"","transition_delay":0},"layout_custom_css":""}]},"yoast_head":"<!-- This site is optimized with the Yoast SEO plugin v27.0 - https:\/\/yoast.com\/product\/yoast-seo-wordpress\/ -->\n<title>Case: Gunderson Cleaners - Laundry Dashboard<\/title>\n<meta name=\"robots\" content=\"index, follow, max-snippet:-1, max-image-preview:large, max-video-preview:-1\" \/>\n<link rel=\"canonical\" href=\"https:\/\/www.laundrydashboard.com\/de\/fallbeispiele\/case-gunderson-cleaners\/\" \/>\n<meta property=\"og:locale\" content=\"de_DE\" \/>\n<meta property=\"og:type\" content=\"article\" \/>\n<meta property=\"og:title\" content=\"Case: Gunderson Cleaners - Laundry Dashboard\" \/>\n<meta property=\"og:url\" content=\"https:\/\/www.laundrydashboard.com\/de\/fallbeispiele\/case-gunderson-cleaners\/\" \/>\n<meta property=\"og:site_name\" content=\"Laundry Dashboard\" \/>\n<meta property=\"article:modified_time\" content=\"2024-07-08T14:48:16+00:00\" \/>\n<meta name=\"twitter:card\" content=\"summary_large_image\" \/>\n<meta name=\"twitter:label1\" content=\"Est. reading time\" \/>\n\t<meta name=\"twitter:data1\" content=\"2 minutes\" \/>\n<script type=\"application\/ld+json\" class=\"yoast-schema-graph\">{\"@context\":\"https:\/\/schema.org\",\"@graph\":[{\"@type\":\"WebPage\",\"@id\":\"https:\/\/www.laundrydashboard.com\/de\/fallbeispiele\/case-gunderson-cleaners\/\",\"url\":\"https:\/\/www.laundrydashboard.com\/de\/fallbeispiele\/case-gunderson-cleaners\/\",\"name\":\"Case: Gunderson Cleaners - Laundry Dashboard\",\"isPartOf\":{\"@id\":\"https:\/\/laundrydashboard.com\/nl\/#website\"},\"datePublished\":\"2024-07-08T14:10:47+00:00\",\"dateModified\":\"2024-07-08T14:48:16+00:00\",\"breadcrumb\":{\"@id\":\"https:\/\/www.laundrydashboard.com\/de\/fallbeispiele\/case-gunderson-cleaners\/#breadcrumb\"},\"inLanguage\":\"de-DE\",\"potentialAction\":[{\"@type\":\"ReadAction\",\"target\":[\"https:\/\/www.laundrydashboard.com\/de\/fallbeispiele\/case-gunderson-cleaners\/\"]}]},{\"@type\":\"BreadcrumbList\",\"@id\":\"https:\/\/www.laundrydashboard.com\/de\/fallbeispiele\/case-gunderson-cleaners\/#breadcrumb\",\"itemListElement\":[{\"@type\":\"ListItem\",\"position\":1,\"name\":\"Home\",\"item\":\"https:\/\/laundrydashboard.com\/de\/\"},{\"@type\":\"ListItem\",\"position\":2,\"name\":\"Fallbeispielen\",\"item\":\"https:\/\/www.laundrydashboard.com\/de\/fallbeispiele\/\"},{\"@type\":\"ListItem\",\"position\":3,\"name\":\"Case: Gunderson Cleaners\"}]},{\"@type\":\"WebSite\",\"@id\":\"https:\/\/laundrydashboard.com\/nl\/#website\",\"url\":\"https:\/\/laundrydashboard.com\/nl\/\",\"name\":\"Laundry Dashboard\",\"description\":\"\",\"potentialAction\":[{\"@type\":\"SearchAction\",\"target\":{\"@type\":\"EntryPoint\",\"urlTemplate\":\"https:\/\/laundrydashboard.com\/nl\/?s={search_term_string}\"},\"query-input\":{\"@type\":\"PropertyValueSpecification\",\"valueRequired\":true,\"valueName\":\"search_term_string\"}}],\"inLanguage\":\"de-DE\"}]}<\/script>\n<!-- \/ Yoast SEO plugin. -->","yoast_head_json":{"title":"Case: Gunderson Cleaners - Laundry Dashboard","robots":{"index":"index","follow":"follow","max-snippet":"max-snippet:-1","max-image-preview":"max-image-preview:large","max-video-preview":"max-video-preview:-1"},"canonical":"https:\/\/www.laundrydashboard.com\/de\/fallbeispiele\/case-gunderson-cleaners\/","og_locale":"de_DE","og_type":"article","og_title":"Case: Gunderson Cleaners - Laundry Dashboard","og_url":"https:\/\/www.laundrydashboard.com\/de\/fallbeispiele\/case-gunderson-cleaners\/","og_site_name":"Laundry Dashboard","article_modified_time":"2024-07-08T14:48:16+00:00","twitter_card":"summary_large_image","twitter_misc":{"Est. reading time":"2 minutes"},"schema":{"@context":"https:\/\/schema.org","@graph":[{"@type":"WebPage","@id":"https:\/\/www.laundrydashboard.com\/de\/fallbeispiele\/case-gunderson-cleaners\/","url":"https:\/\/www.laundrydashboard.com\/de\/fallbeispiele\/case-gunderson-cleaners\/","name":"Case: Gunderson Cleaners - Laundry Dashboard","isPartOf":{"@id":"https:\/\/laundrydashboard.com\/nl\/#website"},"datePublished":"2024-07-08T14:10:47+00:00","dateModified":"2024-07-08T14:48:16+00:00","breadcrumb":{"@id":"https:\/\/www.laundrydashboard.com\/de\/fallbeispiele\/case-gunderson-cleaners\/#breadcrumb"},"inLanguage":"de-DE","potentialAction":[{"@type":"ReadAction","target":["https:\/\/www.laundrydashboard.com\/de\/fallbeispiele\/case-gunderson-cleaners\/"]}]},{"@type":"BreadcrumbList","@id":"https:\/\/www.laundrydashboard.com\/de\/fallbeispiele\/case-gunderson-cleaners\/#breadcrumb","itemListElement":[{"@type":"ListItem","position":1,"name":"Home","item":"https:\/\/laundrydashboard.com\/de\/"},{"@type":"ListItem","position":2,"name":"Fallbeispielen","item":"https:\/\/www.laundrydashboard.com\/de\/fallbeispiele\/"},{"@type":"ListItem","position":3,"name":"Case: Gunderson Cleaners"}]},{"@type":"WebSite","@id":"https:\/\/laundrydashboard.com\/nl\/#website","url":"https:\/\/laundrydashboard.com\/nl\/","name":"Laundry Dashboard","description":"","potentialAction":[{"@type":"SearchAction","target":{"@type":"EntryPoint","urlTemplate":"https:\/\/laundrydashboard.com\/nl\/?s={search_term_string}"},"query-input":{"@type":"PropertyValueSpecification","valueRequired":true,"valueName":"search_term_string"}}],"inLanguage":"de-DE"}]}},"_links":{"self":[{"href":"https:\/\/www.laundrydashboard.com\/de\/wp-json\/wp\/v2\/pages\/5116","targetHints":{"allow":["GET"]}}],"collection":[{"href":"https:\/\/www.laundrydashboard.com\/de\/wp-json\/wp\/v2\/pages"}],"about":[{"href":"https:\/\/www.laundrydashboard.com\/de\/wp-json\/wp\/v2\/types\/page"}],"author":[{"embeddable":true,"href":"https:\/\/www.laundrydashboard.com\/de\/wp-json\/wp\/v2\/users\/5"}],"replies":[{"embeddable":true,"href":"https:\/\/www.laundrydashboard.com\/de\/wp-json\/wp\/v2\/comments?post=5116"}],"version-history":[{"count":2,"href":"https:\/\/www.laundrydashboard.com\/de\/wp-json\/wp\/v2\/pages\/5116\/revisions"}],"predecessor-version":[{"id":5118,"href":"https:\/\/www.laundrydashboard.com\/de\/wp-json\/wp\/v2\/pages\/5116\/revisions\/5118"}],"up":[{"embeddable":true,"href":"https:\/\/www.laundrydashboard.com\/de\/wp-json\/wp\/v2\/pages\/1179"}],"wp:attachment":[{"href":"https:\/\/www.laundrydashboard.com\/de\/wp-json\/wp\/v2\/media?parent=5116"}],"curies":[{"name":"wp","href":"https:\/\/api.w.org\/{rel}","templated":true}]}}