{"id":3819,"date":"2023-01-04T11:10:25","date_gmt":"2023-01-04T10:10:25","guid":{"rendered":"\/?page_id=3819"},"modified":"2024-03-11T15:27:10","modified_gmt":"2024-03-11T14:27:10","slug":"webinars-terugkijken","status":"publish","type":"page","link":"https:\/\/www.laundrydashboard.com\/de\/webinars-terugkijken\/","title":{"rendered":"Webinare ansehen"},"content":{"rendered":"","protected":false},"excerpt":{"rendered":"","protected":false},"author":5,"featured_media":0,"parent":0,"menu_order":0,"comment_status":"closed","ping_status":"closed","template":"","meta":{"_acf_changed":false,"footnotes":""},"class_list":["post-3819","page","type-page","status-publish","hentry"],"acf":{"flexible_content":[{"acf_fc_layout":"pageheader_default","header_media":"image","color_overlay":"rgba(0,0,0,0.3)","platform_choice":"image","video":"","upload_video_file":null,"desktop":{"header_size":"large","fullscreen":null,"large":"{\"original_image\":\"2224\",\"cropped_image\":{\"image\":\"2024\/03\/Christeyns_Moderna_KEP0777_1600x700_acf_cropped-2.jpg\",\"preview\":\"2024\/03\/preview_Christeyns_Moderna_KEP0777_1600x700_acf_cropped-2.jpg\"}}","small":null},"mobile":{"header_size":"large","fullscreen":null,"large":"{\"original_image\":\"2224\",\"cropped_image\":{\"image\":\"2024\/03\/Christeyns_Moderna_KEP0777_450x420_acf_cropped-2.jpg\",\"preview\":\"2024\/03\/preview_Christeyns_Moderna_KEP0777_450x420_acf_cropped-2.jpg\"}}","small":null},"pre_title":"","header_title":"","header_intro":"","header_btn-primary":{"header_btn-color":"is-primary","header_btn":""},"header_btn-secondary":{"header_btn-color":"is-primary","header_btn":""},"header_btn-video":{"header_btn-color":"is-primary","header_btn":""},"heading_type":"h2","heading":"h1","text_color":"#ffffff","text_shadow":false,"header_height":100,"horizontal_header_padding":"","layout_custom_css":""},{"acf_fc_layout":"features-simple","title":"","items":[{"icon":"far fa-tachometer-alt","title":"Bauen Sie Ihr eigenes Cockpit in Laundry Dashboard.","desc":"Datum: 15\/09\/2020\r\nSprecher: Erick Knoot","link":{"title":"Wiederholung ansehen","url":"https:\/\/laundrydashboard.webinargeek.com\/watch\/replay\/646994\/b9e7cc7259a40ef143adfed2d0411185\/","target":""}},{"icon":"far fa-unlock-alt","title":"Verborgenes Potenzial freisetzen. Analyse der Arbeitsleistung.","desc":"Datum: 29\/10\/2020\r\nSprecher: Erick Knoot","link":{"title":"Wiederholung ansehen","url":"https:\/\/laundrydashboard.webinargeek.com\/watch\/replay\/698249\/25570014882f91d8e29511f07ea17267\/","target":""}},{"icon":"far fa-function","title":"Erl\u00e4uterung der Nutzung neuer Funktionen. Ver\u00f6ffentlichung November 2020.","desc":"Datum: 24\/11\/2020\r\nSprecher: Erick Knoot","link":{"title":"Wiederholung ansehen","url":"https:\/\/laundrydashboard.webinargeek.com\/watch\/replay\/698230\/0714d7fb4ed7cf8a4bd2e839856251ae\/","target":""}},{"icon":"far fa-analytics","title":"Verborgenes Potenzial freisetzen. Analyse der Maschinenleistung.","desc":"Datum: 17\/12\/2020\r\nSprecher: Erick Knoot","link":{"title":"Wiederholung ansehen","url":"https:\/\/laundrydashboard.webinargeek.com\/watch\/replay\/698094\/f45d584e333bfe103db07f20fab36393\/","target":""}},{"icon":"far fa-shoe-prints","title":"Wie reduzieren Sie Ihren \u00f6kologischen Fu\u00dfabdruck? Analyse und Anpassung mit Laundry Dashboard.","desc":"Datum: 26\/01\/2021\r\nSprecher: Erick Knoot","link":{"title":"Wiederholung ansehen","url":"https:\/\/laundrydashboard.webinargeek.com\/watch\/replay\/698289\/f95aa0342204fed6495a1bdf85b6a169\/","target":""}},{"icon":"far fa-analytics","title":"Datenanalyse im Detail","desc":"Datum: 23\/02\/2021\r\nSprecher: Erick Knoot","link":{"title":"Wiederholung ansehen","url":"https:\/\/laundrydashboard.webinargeek.com\/watch\/replay\/769254\/41be1457801cab78968e0c32e62e8f7b\/","target":""}},{"icon":"far fa-sack-dollar","title":"Wie profitabel ist ein Kunde f\u00fcr Ihre W\u00e4scherei, und welche Auftr\u00e4ge kosten Sie Geld?","desc":"Datum: 30\/03\/2021\r\nSprecher: Erick Knoot","link":{"title":"Wiederholung ansehen","url":"https:\/\/laundrydashboard.webinargeek.com\/watch\/replay\/759717\/44dbe49b56d544e5c537b718a42b1bbc\/","target":""}},{"icon":"far fa-tachometer-alt","title":"Intelligente Indikatoren - Teil 1","desc":"Datum: 25\/05\/2021\r\nSprecher: Erick Knoot","link":{"title":"Wiederholung ansehen","url":"https:\/\/laundrydashboard.webinargeek.com\/watch\/replay\/903364\/72f5ceb3cc5016331d02ee5f0a9fdbbb\/","target":""}},{"icon":"far fa-lightbulb-on","title":"Intelligente Indikatoren - Teil 2","desc":"Datum: 29\/06\/2021\r\nSprecher: Erick Knoot","link":{"title":"Wiederholung ansehen","url":"https:\/\/laundrydashboard.webinargeek.com\/watch\/replay\/1024536\/6029c2262c2770cc5280736562556dd1\/","target":""}},{"icon":"far fa-lightbulb-on","title":"Intelligente Indikatoren - Teil 3","desc":"Datum: 28\/09\/2021\r\nSprecher: Erick Knoot","link":{"title":"Wiederholung ansehen","url":"https:\/\/laundrydashboard.webinargeek.com\/watch\/replay\/1044457\/294cddadc23473ebd6f58db7b5fefd73\/","target":""}},{"icon":"far fa-lightbulb-on","title":"Intelligente Indikatoren - Teil 4","desc":"Datum: 30\/11\/2021\r\nSprecher: Erick Knoot","link":{"title":"Wiederholung ansehen","url":"https:\/\/laundrydashboard.webinargeek.com\/watch\/replay\/1053465\/99b1c494140d467ce1890283339a650f\/","target":""}},{"icon":"far fa-lightbulb-on","title":"Intelligente Indikatoren - Teil 6","desc":"Datum: 24\/05\/2022\r\nSprecher: Erick Knoot","link":{"title":"Wiederholung ansehen","url":"https:\/\/laundrydashboard.webinargeek.com\/watch\/replay\/1454696\/b0b2dac2552028ac2ab93498c814f6bd\/","target":""}}],"heading_type":"h2","heading":"h1","text_color":"","item_h_type":"h3","padding":{"top":"m","bottom":"m"},"layout_bg_show_image":false,"background_color":"","layout_bg_overlay":"","layout_bg_image_desktop":null,"layout_bg_position_desktop":"center","layout_bg_image_mobile":null,"layout_bg_position_mobile":"center","title-transition":{"has_transition":false,"transition_type":"none","transition_offset":"","transition_delay":0},"text-transition":{"has_transition":false,"transition_type":"none","transition_offset":"","transition_delay":0},"layout_custom_css":""}]},"yoast_head":"<!-- This site is optimized with the Yoast SEO plugin v27.0 - https:\/\/yoast.com\/product\/yoast-seo-wordpress\/ -->\n<title>Webinare ansehen - Laundry Dashboard<\/title>\n<meta name=\"robots\" content=\"index, follow, max-snippet:-1, max-image-preview:large, max-video-preview:-1\" \/>\n<link rel=\"canonical\" href=\"https:\/\/laundrydashboard.com\/de\/webinars-terugkijken\/\" \/>\n<meta property=\"og:locale\" content=\"de_DE\" \/>\n<meta property=\"og:type\" content=\"article\" \/>\n<meta property=\"og:title\" content=\"Webinare ansehen - Laundry Dashboard\" \/>\n<meta property=\"og:url\" content=\"https:\/\/laundrydashboard.com\/de\/webinars-terugkijken\/\" \/>\n<meta property=\"og:site_name\" content=\"Laundry Dashboard\" \/>\n<meta property=\"article:modified_time\" content=\"2024-03-11T14:27:10+00:00\" \/>\n<meta name=\"twitter:card\" content=\"summary_large_image\" \/>\n<script type=\"application\/ld+json\" class=\"yoast-schema-graph\">{\"@context\":\"https:\/\/schema.org\",\"@graph\":[{\"@type\":\"WebPage\",\"@id\":\"https:\/\/laundrydashboard.com\/de\/webinars-terugkijken\/\",\"url\":\"https:\/\/laundrydashboard.com\/de\/webinars-terugkijken\/\",\"name\":\"Webinare ansehen - Laundry Dashboard\",\"isPartOf\":{\"@id\":\"https:\/\/laundrydashboard.com\/nl\/#website\"},\"datePublished\":\"2023-01-04T10:10:25+00:00\",\"dateModified\":\"2024-03-11T14:27:10+00:00\",\"breadcrumb\":{\"@id\":\"https:\/\/laundrydashboard.com\/de\/webinars-terugkijken\/#breadcrumb\"},\"inLanguage\":\"de-DE\",\"potentialAction\":[{\"@type\":\"ReadAction\",\"target\":[\"https:\/\/laundrydashboard.com\/de\/webinars-terugkijken\/\"]}]},{\"@type\":\"BreadcrumbList\",\"@id\":\"https:\/\/laundrydashboard.com\/de\/webinars-terugkijken\/#breadcrumb\",\"itemListElement\":[{\"@type\":\"ListItem\",\"position\":1,\"name\":\"Home\",\"item\":\"https:\/\/laundrydashboard.com\/de\/\"},{\"@type\":\"ListItem\",\"position\":2,\"name\":\"Webinare ansehen\"}]},{\"@type\":\"WebSite\",\"@id\":\"https:\/\/laundrydashboard.com\/nl\/#website\",\"url\":\"https:\/\/laundrydashboard.com\/nl\/\",\"name\":\"Laundry Dashboard\",\"description\":\"\",\"potentialAction\":[{\"@type\":\"SearchAction\",\"target\":{\"@type\":\"EntryPoint\",\"urlTemplate\":\"https:\/\/laundrydashboard.com\/nl\/?s={search_term_string}\"},\"query-input\":{\"@type\":\"PropertyValueSpecification\",\"valueRequired\":true,\"valueName\":\"search_term_string\"}}],\"inLanguage\":\"de-DE\"}]}<\/script>\n<!-- \/ Yoast SEO plugin. -->","yoast_head_json":{"title":"Webinare ansehen - Laundry Dashboard","robots":{"index":"index","follow":"follow","max-snippet":"max-snippet:-1","max-image-preview":"max-image-preview:large","max-video-preview":"max-video-preview:-1"},"canonical":"https:\/\/laundrydashboard.com\/de\/webinars-terugkijken\/","og_locale":"de_DE","og_type":"article","og_title":"Webinare ansehen - Laundry Dashboard","og_url":"https:\/\/laundrydashboard.com\/de\/webinars-terugkijken\/","og_site_name":"Laundry Dashboard","article_modified_time":"2024-03-11T14:27:10+00:00","twitter_card":"summary_large_image","schema":{"@context":"https:\/\/schema.org","@graph":[{"@type":"WebPage","@id":"https:\/\/laundrydashboard.com\/de\/webinars-terugkijken\/","url":"https:\/\/laundrydashboard.com\/de\/webinars-terugkijken\/","name":"Webinare ansehen - Laundry Dashboard","isPartOf":{"@id":"https:\/\/laundrydashboard.com\/nl\/#website"},"datePublished":"2023-01-04T10:10:25+00:00","dateModified":"2024-03-11T14:27:10+00:00","breadcrumb":{"@id":"https:\/\/laundrydashboard.com\/de\/webinars-terugkijken\/#breadcrumb"},"inLanguage":"de-DE","potentialAction":[{"@type":"ReadAction","target":["https:\/\/laundrydashboard.com\/de\/webinars-terugkijken\/"]}]},{"@type":"BreadcrumbList","@id":"https:\/\/laundrydashboard.com\/de\/webinars-terugkijken\/#breadcrumb","itemListElement":[{"@type":"ListItem","position":1,"name":"Home","item":"https:\/\/laundrydashboard.com\/de\/"},{"@type":"ListItem","position":2,"name":"Webinare ansehen"}]},{"@type":"WebSite","@id":"https:\/\/laundrydashboard.com\/nl\/#website","url":"https:\/\/laundrydashboard.com\/nl\/","name":"Laundry Dashboard","description":"","potentialAction":[{"@type":"SearchAction","target":{"@type":"EntryPoint","urlTemplate":"https:\/\/laundrydashboard.com\/nl\/?s={search_term_string}"},"query-input":{"@type":"PropertyValueSpecification","valueRequired":true,"valueName":"search_term_string"}}],"inLanguage":"de-DE"}]}},"_links":{"self":[{"href":"https:\/\/www.laundrydashboard.com\/de\/wp-json\/wp\/v2\/pages\/3819","targetHints":{"allow":["GET"]}}],"collection":[{"href":"https:\/\/www.laundrydashboard.com\/de\/wp-json\/wp\/v2\/pages"}],"about":[{"href":"https:\/\/www.laundrydashboard.com\/de\/wp-json\/wp\/v2\/types\/page"}],"author":[{"embeddable":true,"href":"https:\/\/www.laundrydashboard.com\/de\/wp-json\/wp\/v2\/users\/5"}],"replies":[{"embeddable":true,"href":"https:\/\/www.laundrydashboard.com\/de\/wp-json\/wp\/v2\/comments?post=3819"}],"version-history":[{"count":21,"href":"https:\/\/www.laundrydashboard.com\/de\/wp-json\/wp\/v2\/pages\/3819\/revisions"}],"predecessor-version":[{"id":5018,"href":"https:\/\/www.laundrydashboard.com\/de\/wp-json\/wp\/v2\/pages\/3819\/revisions\/5018"}],"wp:attachment":[{"href":"https:\/\/www.laundrydashboard.com\/de\/wp-json\/wp\/v2\/media?parent=3819"}],"curies":[{"name":"wp","href":"https:\/\/api.w.org\/{rel}","templated":true}]}}