{"id":1892,"date":"2020-10-27T15:04:04","date_gmt":"2020-10-27T14:04:04","guid":{"rendered":"https:\/\/ldb.spankracht-acceptatie.nl\/cases\/casus-cleanlease-eindhoven\/"},"modified":"2022-10-07T12:46:13","modified_gmt":"2022-10-07T11:46:13","slug":"fallbeispiel-cleanlease-eindhoven","status":"publish","type":"page","link":"https:\/\/www.laundrydashboard.com\/de\/fallbeispiele\/fallbeispiel-cleanlease-eindhoven\/","title":{"rendered":"Fallbeispiel CleanLease Eindhoven"},"content":{"rendered":"","protected":false},"excerpt":{"rendered":"","protected":false},"author":3,"featured_media":0,"parent":1179,"menu_order":2,"comment_status":"closed","ping_status":"closed","template":"","meta":{"_acf_changed":false,"footnotes":""},"class_list":["post-1892","page","type-page","status-publish","hentry"],"acf":{"flexible_content":[{"acf_fc_layout":"videoblock","pre_title":"Fallbeispiele CleanLease Eindhoven","title":"H\u00f6here finanzielle Ertr\u00e4ge, h\u00f6here Kundenzufriedenheit","intro":"","platform":"vimeo","vimeo":"472919800","youtube":"","heading_type":"h2","heading":"h1","layout_text_align":"centered","text_color":"","padding":{"top":"m","bottom":"m"},"layout_bg_show_image":false,"background_color":"","layout_bg_overlay":"","layout_bg_image_desktop":null,"layout_bg_position_desktop":"center","layout_bg_image_mobile":null,"layout_bg_position_mobile":"center","layout_custom_css":null,"pre-title-transition":{"has_transition":false,"transition_type":"none","transition_offset":0,"transition_delay":0},"title-transition":{"has_transition":false,"transition_type":"none","transition_offset":"","transition_delay":0},"intro-transition":{"has_transition":false,"transition_type":"none","transition_offset":"","transition_delay":0},"text-transition":{"has_transition":false,"transition_type":"none","transition_offset":"","transition_delay":0}},{"acf_fc_layout":"wysiwyg","pre_title":"","title":"","intro":"","content":"<strong>Die Herausforderung<\/strong>\r\n\r\nAls nationaler Dienstleister mit mehreren Niederlassungen ist CleanLease immer in der N\u00e4he seiner Kunden. F\u00fcr die Niederlassung in Eindhoven betrifft dies vor allem Krankenh\u00e4user, Pflegeeinrichtungen und Ferienparks. Kunden, die f\u00fcr einen abwechslungsreichen W\u00e4schestrom gut sind: etwa 400 Tonnen pro Woche. CleanLease achtet schon seit einiger Zeit auf Produktionseffizienz. Es war ein System zur Messung des Prozesses installiert worden, aber dieses System konnte zu diesem Zeitpunkt vom Lieferanten nicht mehr gewartet werden.\r\n<ul>\r\n \t<li>Die Frage war: Wie k\u00f6nnen wir die Leistung der W\u00e4scherei verbessern? Wie k\u00f6nnen wir Verschwendung beseitigen und die Kapazit\u00e4tsauslastung maximieren? K\u00f6nnen wir das bereits installierte System verwenden?<\/li>\r\n \t<li>Aus diesem Grund kam unser Laundry Dashboard-Tool zur richtigen Zeit. In diesem Zweig - und in drei weiteren - haben wir das Laundry Dashboard implementiert.<\/li>\r\n<\/ul>\r\n<strong>\r\nDie L\u00f6sung<\/strong>\r\n\r\nWir haben das Laundry Dashboard bei CleanLease in Eindhoven eingef\u00fchrt. Die von CleanLease gew\u00e4hlte Version ist das Laundry Dashboard Pro. Mit dieser Version haben Sie Einblick in die Produktivit\u00e4t von Maschinen, Verbrauch und Mitarbeitern.\r\n<ul>\r\n \t<li>Wir installierten unsere Software Laundry Dashboard und nutzten dabei so weit wie m\u00f6glich die bestehende Infrastruktur. Wir installierten neue Bildschirme, auf denen die Auff\u00fchrung visualisiert wurde.<\/li>\r\n \t<li>Vom ersten Tag an hatten das Management, der Standortleiter und die Produktionsleiter Einblick in Echtzeit.<\/li>\r\n \t<li>Dank der flexiblen Struktur und Konstruktion von Laundry Dashboard ist der Kunde nicht mehr in hohem Ma\u00dfe von einem Lieferanten abh\u00e4ngig und es ist ihm m\u00f6glich, seine eigenen \"Cockpits\" zu bauen. Dadurch hat er immer und \u00fcberall Einblick in die Dinge, die ihm wichtig erscheinen.<\/li>\r\n \t<li>Zusammen mit CleanLease haben wir im ersten Jahr mehrmals die Informationen aus dem Laundry Dashboard analysiert und nach Optimierungsm\u00f6glichkeiten gesucht.<\/li>\r\n<\/ul>\r\n<strong>\u00a0<\/strong>\r\n\r\n<strong>Das Ergebnis<\/strong>\r\n\r\nEin Jahr sp\u00e4ter hatte sich die Investition in Laundry Dashboard bereits amortisiert.\r\n\r\nMit Hilfe des Laundry Dashboards war es dem Management und den Teams von CleanLease gelungen, die finanziellen Ergebnisse deutlich zu verbessern und die Kundenzufriedenheit zu erh\u00f6hen. Das Schl\u00fcsselwort dabei ist Einsicht. Die objektiven Informationen von Laundry Dashboard machen jeden auf die Leistung und die M\u00f6glichkeiten zu deren Verbesserung aufmerksam.","buttons":null,"heading_type":"h2","heading":"h1","layout_text_align":"centered","layout_textbox_size":8,"text_color":"","padding":{"top":"0","bottom":"m"},"layout_bg_show_image":false,"background_color":"","layout_bg_overlay":"","layout_bg_image_desktop":null,"layout_bg_position_desktop":"center","layout_bg_image_mobile":null,"layout_bg_position_mobile":"center","pre-title-transition":{"has_transition":false,"transition_type":"none","transition_offset":0,"transition_delay":0},"title-transition":{"has_transition":false,"transition_type":"none","transition_offset":"","transition_delay":0},"intro-transition":{"has_transition":false,"transition_type":"none","transition_offset":"","transition_delay":0},"text-transition":{"has_transition":false,"transition_type":"none","transition_offset":"","transition_delay":0},"layout_custom_css":null},{"acf_fc_layout":"ctabanner","title":"\"Die Mitarbeiter m\u00f6chten ihre Leistung w\u00e4hrend des Arbeitstages verfolgen k\u00f6nnen.\"","intro":"William Harte, Unit Manager CleanLease","link":"","heading_type":"h2","heading":"h2","layout_background_image":"","background_color":"","text_color":"","padding":{"top":"m","bottom":"m"},"title-transition":{"has_transition":false,"transition_type":"none","transition_offset":"","transition_delay":0},"intro-transition":{"has_transition":false,"transition_type":"none","transition_offset":"","transition_delay":0},"buttons-transition":{"has_transition":false,"transition_type":"none","transition_offset":"","transition_delay":0},"layout_custom_css":null}]},"yoast_head":"<!-- This site is optimized with the Yoast SEO plugin v27.0 - https:\/\/yoast.com\/product\/yoast-seo-wordpress\/ -->\n<title>Fallbeispiel CleanLease Eindhoven - Laundry Dashboard<\/title>\n<meta name=\"description\" content=\"Das Management und die Teams von CleanLease konnten durch den Einsatz von Laundry Dashboard die finanziellen Ergebnisse deutlich verbessern und die Kundenzufriedenheit steigern.\" \/>\n<meta name=\"robots\" content=\"index, follow, max-snippet:-1, max-image-preview:large, max-video-preview:-1\" \/>\n<link rel=\"canonical\" href=\"https:\/\/www.laundrydashboard.com\/de\/fallbeispiele\/fallbeispiel-cleanlease-eindhoven\/\" \/>\n<meta property=\"og:locale\" content=\"de_DE\" \/>\n<meta property=\"og:type\" content=\"article\" \/>\n<meta property=\"og:title\" content=\"Fallbeispiel CleanLease Eindhoven - Laundry Dashboard\" \/>\n<meta property=\"og:description\" content=\"Das Management und die Teams von CleanLease konnten durch den Einsatz von Laundry Dashboard die finanziellen Ergebnisse deutlich verbessern und die Kundenzufriedenheit steigern.\" \/>\n<meta property=\"og:url\" content=\"https:\/\/www.laundrydashboard.com\/de\/fallbeispiele\/fallbeispiel-cleanlease-eindhoven\/\" \/>\n<meta property=\"og:site_name\" content=\"Laundry Dashboard\" \/>\n<meta property=\"article:modified_time\" content=\"2022-10-07T11:46:13+00:00\" \/>\n<meta name=\"twitter:card\" content=\"summary_large_image\" \/>\n<script type=\"application\/ld+json\" class=\"yoast-schema-graph\">{\"@context\":\"https:\/\/schema.org\",\"@graph\":[{\"@type\":\"WebPage\",\"@id\":\"https:\/\/www.laundrydashboard.com\/de\/fallbeispiele\/fallbeispiel-cleanlease-eindhoven\/\",\"url\":\"https:\/\/www.laundrydashboard.com\/de\/fallbeispiele\/fallbeispiel-cleanlease-eindhoven\/\",\"name\":\"Fallbeispiel CleanLease Eindhoven - Laundry Dashboard\",\"isPartOf\":{\"@id\":\"https:\/\/laundrydashboard.com\/nl\/#website\"},\"datePublished\":\"2020-10-27T14:04:04+00:00\",\"dateModified\":\"2022-10-07T11:46:13+00:00\",\"description\":\"Das Management und die Teams von CleanLease konnten durch den Einsatz von Laundry Dashboard die finanziellen Ergebnisse deutlich verbessern und die Kundenzufriedenheit steigern.\",\"breadcrumb\":{\"@id\":\"https:\/\/www.laundrydashboard.com\/de\/fallbeispiele\/fallbeispiel-cleanlease-eindhoven\/#breadcrumb\"},\"inLanguage\":\"de-DE\",\"potentialAction\":[{\"@type\":\"ReadAction\",\"target\":[\"https:\/\/www.laundrydashboard.com\/de\/fallbeispiele\/fallbeispiel-cleanlease-eindhoven\/\"]}]},{\"@type\":\"BreadcrumbList\",\"@id\":\"https:\/\/www.laundrydashboard.com\/de\/fallbeispiele\/fallbeispiel-cleanlease-eindhoven\/#breadcrumb\",\"itemListElement\":[{\"@type\":\"ListItem\",\"position\":1,\"name\":\"Home\",\"item\":\"https:\/\/laundrydashboard.com\/de\/\"},{\"@type\":\"ListItem\",\"position\":2,\"name\":\"Fallbeispielen\",\"item\":\"https:\/\/www.laundrydashboard.com\/de\/fallbeispiele\/\"},{\"@type\":\"ListItem\",\"position\":3,\"name\":\"Fallbeispiel CleanLease Eindhoven\"}]},{\"@type\":\"WebSite\",\"@id\":\"https:\/\/laundrydashboard.com\/nl\/#website\",\"url\":\"https:\/\/laundrydashboard.com\/nl\/\",\"name\":\"Laundry Dashboard\",\"description\":\"\",\"potentialAction\":[{\"@type\":\"SearchAction\",\"target\":{\"@type\":\"EntryPoint\",\"urlTemplate\":\"https:\/\/laundrydashboard.com\/nl\/?s={search_term_string}\"},\"query-input\":{\"@type\":\"PropertyValueSpecification\",\"valueRequired\":true,\"valueName\":\"search_term_string\"}}],\"inLanguage\":\"de-DE\"}]}<\/script>\n<!-- \/ Yoast SEO plugin. -->","yoast_head_json":{"title":"Fallbeispiel CleanLease Eindhoven - Laundry Dashboard","description":"Das Management und die Teams von CleanLease konnten durch den Einsatz von Laundry Dashboard die finanziellen Ergebnisse deutlich verbessern und die Kundenzufriedenheit steigern.","robots":{"index":"index","follow":"follow","max-snippet":"max-snippet:-1","max-image-preview":"max-image-preview:large","max-video-preview":"max-video-preview:-1"},"canonical":"https:\/\/www.laundrydashboard.com\/de\/fallbeispiele\/fallbeispiel-cleanlease-eindhoven\/","og_locale":"de_DE","og_type":"article","og_title":"Fallbeispiel CleanLease Eindhoven - Laundry Dashboard","og_description":"Das Management und die Teams von CleanLease konnten durch den Einsatz von Laundry Dashboard die finanziellen Ergebnisse deutlich verbessern und die Kundenzufriedenheit steigern.","og_url":"https:\/\/www.laundrydashboard.com\/de\/fallbeispiele\/fallbeispiel-cleanlease-eindhoven\/","og_site_name":"Laundry Dashboard","article_modified_time":"2022-10-07T11:46:13+00:00","twitter_card":"summary_large_image","schema":{"@context":"https:\/\/schema.org","@graph":[{"@type":"WebPage","@id":"https:\/\/www.laundrydashboard.com\/de\/fallbeispiele\/fallbeispiel-cleanlease-eindhoven\/","url":"https:\/\/www.laundrydashboard.com\/de\/fallbeispiele\/fallbeispiel-cleanlease-eindhoven\/","name":"Fallbeispiel CleanLease Eindhoven - Laundry Dashboard","isPartOf":{"@id":"https:\/\/laundrydashboard.com\/nl\/#website"},"datePublished":"2020-10-27T14:04:04+00:00","dateModified":"2022-10-07T11:46:13+00:00","description":"Das Management und die Teams von CleanLease konnten durch den Einsatz von Laundry Dashboard die finanziellen Ergebnisse deutlich verbessern und die Kundenzufriedenheit steigern.","breadcrumb":{"@id":"https:\/\/www.laundrydashboard.com\/de\/fallbeispiele\/fallbeispiel-cleanlease-eindhoven\/#breadcrumb"},"inLanguage":"de-DE","potentialAction":[{"@type":"ReadAction","target":["https:\/\/www.laundrydashboard.com\/de\/fallbeispiele\/fallbeispiel-cleanlease-eindhoven\/"]}]},{"@type":"BreadcrumbList","@id":"https:\/\/www.laundrydashboard.com\/de\/fallbeispiele\/fallbeispiel-cleanlease-eindhoven\/#breadcrumb","itemListElement":[{"@type":"ListItem","position":1,"name":"Home","item":"https:\/\/laundrydashboard.com\/de\/"},{"@type":"ListItem","position":2,"name":"Fallbeispielen","item":"https:\/\/www.laundrydashboard.com\/de\/fallbeispiele\/"},{"@type":"ListItem","position":3,"name":"Fallbeispiel CleanLease Eindhoven"}]},{"@type":"WebSite","@id":"https:\/\/laundrydashboard.com\/nl\/#website","url":"https:\/\/laundrydashboard.com\/nl\/","name":"Laundry Dashboard","description":"","potentialAction":[{"@type":"SearchAction","target":{"@type":"EntryPoint","urlTemplate":"https:\/\/laundrydashboard.com\/nl\/?s={search_term_string}"},"query-input":{"@type":"PropertyValueSpecification","valueRequired":true,"valueName":"search_term_string"}}],"inLanguage":"de-DE"}]}},"_links":{"self":[{"href":"https:\/\/www.laundrydashboard.com\/de\/wp-json\/wp\/v2\/pages\/1892","targetHints":{"allow":["GET"]}}],"collection":[{"href":"https:\/\/www.laundrydashboard.com\/de\/wp-json\/wp\/v2\/pages"}],"about":[{"href":"https:\/\/www.laundrydashboard.com\/de\/wp-json\/wp\/v2\/types\/page"}],"author":[{"embeddable":true,"href":"https:\/\/www.laundrydashboard.com\/de\/wp-json\/wp\/v2\/users\/3"}],"replies":[{"embeddable":true,"href":"https:\/\/www.laundrydashboard.com\/de\/wp-json\/wp\/v2\/comments?post=1892"}],"version-history":[{"count":16,"href":"https:\/\/www.laundrydashboard.com\/de\/wp-json\/wp\/v2\/pages\/1892\/revisions"}],"predecessor-version":[{"id":3390,"href":"https:\/\/www.laundrydashboard.com\/de\/wp-json\/wp\/v2\/pages\/1892\/revisions\/3390"}],"up":[{"embeddable":true,"href":"https:\/\/www.laundrydashboard.com\/de\/wp-json\/wp\/v2\/pages\/1179"}],"wp:attachment":[{"href":"https:\/\/www.laundrydashboard.com\/de\/wp-json\/wp\/v2\/media?parent=1892"}],"curies":[{"name":"wp","href":"https:\/\/api.w.org\/{rel}","templated":true}]}}